{"id":247,"date":"2020-05-25T11:29:12","date_gmt":"2020-05-25T11:29:12","guid":{"rendered":"http:\/\/gender-ict.net\/jovenesSTEM\/?page_id=247"},"modified":"2020-05-25T14:38:50","modified_gmt":"2020-05-25T14:38:50","slug":"por-que-no-hay-mas-mujeres-stem","status":"publish","type":"page","link":"https:\/\/gender-ict.net\/jovenesSTEM\/por-que-no-hay-mas-mujeres-stem\/","title":{"rendered":"\u00bfPor qu\u00e9 no hay m\u00e1s mujeres STEM?"},"content":{"rendered":"\n<div class=\"wp-block-group\"><div class=\"wp-block-group__inner-container is-layout-flow wp-block-group-is-layout-flow\">\n<figure class=\"wp-block-image size-large is-resized\"><img loading=\"lazy\" decoding=\"async\" src=\"https:\/\/gender-ict.net\/jovenesSTEM\/\/wp-content\/uploads\/sites\/45\/2020\/05\/MujeresSTEM-publicacion-2-1024x253.jpg\" alt=\"\" class=\"wp-image-315\" width=\"442\" height=\"109\" srcset=\"https:\/\/gender-ict.net\/jovenesSTEM\/wp-content\/uploads\/sites\/45\/2020\/05\/MujeresSTEM-publicacion-2-1024x253.jpg 1024w, https:\/\/gender-ict.net\/jovenesSTEM\/wp-content\/uploads\/sites\/45\/2020\/05\/MujeresSTEM-publicacion-2-300x74.jpg 300w, https:\/\/gender-ict.net\/jovenesSTEM\/wp-content\/uploads\/sites\/45\/2020\/05\/MujeresSTEM-publicacion-2-768x190.jpg 768w, https:\/\/gender-ict.net\/jovenesSTEM\/wp-content\/uploads\/sites\/45\/2020\/05\/MujeresSTEM-publicacion-2.jpg 1100w\" sizes=\"auto, (max-width: 442px) 100vw, 442px\" \/><\/figure>\n<\/div><\/div>\n\n\n\n<p>El libro <em><a href=\"http:\/\/gender-ict.net\/jovenesSTEM\/wp-content\/uploads\/sites\/45\/2016\/11\/Sainz_2017-Se_buscan_ingenieras_fisicas_y_tecnologas.pdf\" target=\"_blank\" rel=\"noreferrer noopener\"><em>\u00bfPor qu\u00e9 no hay m\u00e1s mujeres STEM? Se buscan ingenieras, f\u00edsicas y tecn\u00f3logas<\/em><\/a><\/em>, coordinado por <a href=\"http:\/\/gender-ict.net\/people\/milagros-sainz\/\">Milagros S\u00e1inz<\/a> y publicado por <a href=\"https:\/\/www.fundaciontelefonica.com\/\" target=\"_blank\" rel=\"noreferrer noopener\">Fundaci\u00f3n Telef\u00f3nica<\/a>&nbsp;y <a href=\"https:\/\/www.planetadelibros.com\/libro-se-buscan-ingenieras-fisicas-y-tecnologas-stem\/255962\" target=\"_blank\" rel=\"noreferrer noopener\">editorial Ariel<\/a>, profundiza en los factores que podr\u00edan explicar la menor presencia de mujeres en algunos \u00e1mbitos STEM a partir de tres estudios: un an\u00e1lisis cuantitativo de los sesgos de g\u00e9nero respecto a las carreras y profesiones STEM en un grupo de 410 estudiantes de educaci\u00f3n secundaria; entrevistas en profundidad a estudiantes de los \u00faltimos cursos de carreras STEM tecnol\u00f3gicas (ingenier\u00eda inform\u00e1tica, ingenier\u00eda de telecomunicaciones) y no tecnol\u00f3gicas (f\u00edsica, matem\u00e1ticas, medicina, farmacia y biolog\u00eda), y entrevistas en profundidad a j\u00f3venes profesionales en \u00e1mbitos STEM tecnol\u00f3gicos (ingenier\u00eda industrial, ingenier\u00eda de telecomunicaciones, arquitectura e ingenier\u00eda aeron\u00e1utica) y no tecnol\u00f3gicos (biolog\u00eda, medicina, farmacia, qu\u00edmica y f\u00edsica).<\/p>\n\n\n\n&nbsp;\n<p>La investigaci\u00f3n considera la percepci\u00f3n de las y los j\u00f3venes sobre c\u00f3mo son\nlas disciplinas&nbsp;STEM y las personas que trabajan en estos \u00e1mbitos, la\nimportancia de la consecuci\u00f3n de metas individuales frente a las comunales para\nsus aspiraciones, los motivos que les han llevado a elegir estudios y\nprofesiones STEM, o las dificultades que perciben sobre el acceso y la\nprogresi\u00f3n de las mujeres en estas carreras profesionales. A partir de los\nresultados, proponemos una serie de estrategias de intervenci\u00f3n dirigidas al\nentorno educativo, al \u00e1mbito empresarial y a las administraciones p\u00fablicas,\npara inspirar un cambio capaz de contrarrestar los efectos negativos de los\nestereotipos y las desigualdades de g\u00e9nero en la elecci\u00f3n de estudios y en las\ntrayectorias profesionales de mujeres y hombres.<\/p>\n\n\n\n<p><strong><a href=\"http:\/\/gender-ict.net\/jovenesSTEM\/wp-content\/uploads\/sites\/45\/2016\/11\/Sainz_2017-Se_buscan_ingenieras_fisicas_y_tecnologas.pdf\">Descarga\nla publicaci\u00f3n<\/a><\/strong><\/p>\n\n\n\n<p><a href=\"http:\/\/gender-ict.net\/jovenesSTEM\/index.php\/2017\/06\/30\/se-buscan-ingenieras\/\"><strong>Presentaci\u00f3n\ndel libro&nbsp;y coloquio<\/strong><\/a><\/p>\n\n\n\n<p><strong><a href=\"https:\/\/espacio.fundaciontelefonica.com\/evento\/se-buscan-ingenieras\/\" target=\"_blank\" rel=\"noreferrer noopener\">Noticia en la p\u00e1gina de Fundaci\u00f3n Telef\u00f3nica<\/a><\/strong><\/p>\n\n\n<p><strong><a href=\"https:\/\/elpais.com\/economia\/2018\/07\/25\/actualidad\/1532514376_084338.html\" target=\"_blank\" rel=\"noopener noreferrer\">Entrevista a Milagros S\u00e1inz en El Pa\u00eds sobre la falta de mujeres en carreras t\u00e9cnicas y sus consecuencias<\/a><\/strong><\/p>\n<p>\u00a0<\/p>\n\n\n<p><\/p>\n","protected":false},"excerpt":{"rendered":"<p>El libro \u00bfPor qu\u00e9 no hay m\u00e1s mujeres STEM? Se buscan ingenieras, f\u00edsicas y tecn\u00f3logas, coordinado por Milagros S\u00e1inz y publicado por Fundaci\u00f3n Telef\u00f3nica&nbsp;y editorial Ariel, profundiza en los factores que podr\u00edan explicar la menor presencia de mujeres en algunos<\/p>\n","protected":false},"author":1,"featured_media":0,"parent":0,"menu_order":0,"comment_status":"closed","ping_status":"closed","template":"","meta":{"_monsterinsights_skip_tracking":false,"_monsterinsights_sitenote_active":false,"_monsterinsights_sitenote_note":"","_monsterinsights_sitenote_category":0,"footnotes":""},"class_list":["post-247","page","type-page","status-publish","hentry"],"_links":{"self":[{"href":"https:\/\/gender-ict.net\/jovenesSTEM\/wp-json\/wp\/v2\/pages\/247","targetHints":{"allow":["GET"]}}],"collection":[{"href":"https:\/\/gender-ict.net\/jovenesSTEM\/wp-json\/wp\/v2\/pages"}],"about":[{"href":"https:\/\/gender-ict.net\/jovenesSTEM\/wp-json\/wp\/v2\/types\/page"}],"author":[{"embeddable":true,"href":"https:\/\/gender-ict.net\/jovenesSTEM\/wp-json\/wp\/v2\/users\/1"}],"replies":[{"embeddable":true,"href":"https:\/\/gender-ict.net\/jovenesSTEM\/wp-json\/wp\/v2\/comments?post=247"}],"version-history":[{"count":18,"href":"https:\/\/gender-ict.net\/jovenesSTEM\/wp-json\/wp\/v2\/pages\/247\/revisions"}],"predecessor-version":[{"id":321,"href":"https:\/\/gender-ict.net\/jovenesSTEM\/wp-json\/wp\/v2\/pages\/247\/revisions\/321"}],"wp:attachment":[{"href":"https:\/\/gender-ict.net\/jovenesSTEM\/wp-json\/wp\/v2\/media?parent=247"}],"curies":[{"name":"wp","href":"https:\/\/api.w.org\/{rel}","templated":true}]}}