{"id":24,"date":"2016-11-17T17:10:44","date_gmt":"2016-11-17T17:10:44","guid":{"rendered":"http:\/\/gender-ict.net\/jovenesSTEM\/?page_id=24"},"modified":"2020-05-25T13:21:09","modified_gmt":"2020-05-25T13:21:09","slug":"quienes-somos","status":"publish","type":"page","link":"https:\/\/gender-ict.net\/jovenesSTEM\/quienes-somos\/","title":{"rendered":"QUI\u00c9NES SOMOS"},"content":{"rendered":"<p><img loading=\"lazy\" decoding=\"async\" class=\"alignnone wp-image-86\" src=\"http:\/\/gender-ict.net\/jovenesSTEM\/wp-content\/uploads\/sites\/45\/2016\/11\/quienes-somos-2-300x89.jpg\" alt=\"quienes-somos-2\" width=\"408\" height=\"121\" srcset=\"https:\/\/gender-ict.net\/jovenesSTEM\/wp-content\/uploads\/sites\/45\/2016\/11\/quienes-somos-2-300x89.jpg 300w, https:\/\/gender-ict.net\/jovenesSTEM\/wp-content\/uploads\/sites\/45\/2016\/11\/quienes-somos-2-768x228.jpg 768w, https:\/\/gender-ict.net\/jovenesSTEM\/wp-content\/uploads\/sites\/45\/2016\/11\/quienes-somos-2-1024x303.jpg 1024w, https:\/\/gender-ict.net\/jovenesSTEM\/wp-content\/uploads\/sites\/45\/2016\/11\/quienes-somos-2.jpg 1100w\" sizes=\"auto, (max-width: 408px) 100vw, 408px\" \/><\/p>\n<p>El&nbsp;proyecto <strong>\u201cSesgos de g\u00e9nero sobre los estudios y carreras STEM en j\u00f3venes en distintos momentos del cliclo vital: \u00bfQu\u00e9 hay de mito y qu\u00e9 de realidad?\u00bb<\/strong>, est\u00e1 dirigido por <a href=\"http:\/\/gender-ict.net\/people\/milagros-sainz\/\">Milagros S\u00e1inz Ib\u00e1\u00f1ez<\/a>, directora del grupo de investigaci\u00f3n <a href=\"http:\/\/gender-ict.net\/\">G\u00e8nere i TIC<\/a> del <a href=\"http:\/\/www.uoc.edu\/portal\/ca\/in3\/index.html\">Internet Interdisciplinary Institute (IN3)<\/a> de la Universitat Oberta de Catalunya (UOC).<\/p>\n<p><a href=\"http:\/\/gender-ict.net\/\">G\u00e9nero y TIC<\/a> aborda los efectos de Internet y las TIC (Tecnolog\u00edas de la Informaci\u00f3n y la Comunicaci\u00f3n) en diferentes aspectos de la actividad humana con un enfoque interdisciplinar. Analizamos las relaciones de g\u00e9nero implicadas en el dise\u00f1o, desarrollo y uso de innovaciones cient\u00edficas y tecnol\u00f3gicas. Entre otras l\u00edneas, nuestro trabajo examina la injusticia social basada en el g\u00e9nero en las ocupaciones masculinizadas y&nbsp;feminizadas, especialmente&nbsp;en las trayectorias profesionales de los \u00e1mbitos TIC y STEM.<\/p>\n<p><u>Equipo investigador<\/u>:<\/p>\n<p><a href=\"http:\/\/gender-ict.net\/people\/cecilia-castano\/\">Cecilia Casta\u00f1o Collado<\/a>, Catedr\u00e1tica de Econom\u00eda Aplicada, Universidad Complutense de Madrid.<\/p>\n<p><a href=\"http:\/\/gender-ict.net\/people\/jorg-muller\/\">J\u00f6rg M\u00fcller<\/a>, Investigador Senior, Internet Interdisciplinary Institute (IN3).<\/p>\n<p><a href=\"http:\/\/gender-ict.net\/people\/jose-luis-martinez-cantos\/\">Jos\u00e9 Luis Mart\u00ednez Cantos<\/a>, Investigador Postdoctoral, Internet Interdisciplinary Institute (IN3).<\/p>\n<p><a href=\"http:\/\/gender-ict.net\/people\/julio-meneses\/\">Julio Meneses Naranjo<\/a>, Profesor de los Estudios de Psicolog\u00eda y Ciencias de la Educaci\u00f3n, Universitat Oberta de Catalunya.<\/p>\n<p><a href=\"http:\/\/gender-ict.net\/people\/lidia-arroyo-prieto\/\">Lidia Arroyo Prieto<\/a>, Investigadora Predoctoral, Internet Interdisciplinary Institute (IN3).<\/p>\n<p><a href=\"http:\/\/gender-ict.net\/people\/maria-jose-romano\/\">Mar\u00eda Jos\u00e9 Romano<\/a>, Ayudante de Investigaci\u00f3n, Internet Interdisciplinary Institute (IN3).<\/p>\n<p><a href=\"http:\/\/gender-ict.net\/people\/maria-rodo-de-zarate\/\">Mar\u00eda Rod\u00f3 de Z\u00e1rate<\/a>, Investigadora Postdoctoral, Internet Interdisciplinary Institute (IN3).<\/p>\n<p><a href=\"http:\/\/gender-ict.net\/people\/natalia-garrido-skurkowicz\/\">Natalia Garrido Skurkowicz<\/a>, Investigadora Predoctoral, Internet Interdisciplinary Institute (IN3).<\/p>\n<p><a href=\"http:\/\/gender-ict.net\/people\/sergi-fabregues\/\">Sergi F\u00e0bregues Feij\u00f3o<\/a>, Profesor de los Estudios de Psicolog\u00eda y Ciencias de la Educaci\u00f3n, Universitat Oberta de Catalunya.<\/p>\n<p>&nbsp;<\/p>\n","protected":false},"excerpt":{"rendered":"<p>El&nbsp;proyecto \u201cSesgos de g\u00e9nero sobre los estudios y carreras STEM en j\u00f3venes en distintos momentos del cliclo vital: \u00bfQu\u00e9 hay de mito y qu\u00e9 de realidad?\u00bb, est\u00e1 dirigido por Milagros S\u00e1inz Ib\u00e1\u00f1ez, directora del grupo de investigaci\u00f3n G\u00e8nere i TIC<\/p>\n","protected":false},"author":1,"featured_media":0,"parent":0,"menu_order":0,"comment_status":"closed","ping_status":"closed","template":"","meta":{"_monsterinsights_skip_tracking":false,"_monsterinsights_sitenote_active":false,"_monsterinsights_sitenote_note":"","_monsterinsights_sitenote_category":0,"footnotes":""},"class_list":["post-24","page","type-page","status-publish","hentry"],"_links":{"self":[{"href":"https:\/\/gender-ict.net\/jovenesSTEM\/wp-json\/wp\/v2\/pages\/24","targetHints":{"allow":["GET"]}}],"collection":[{"href":"https:\/\/gender-ict.net\/jovenesSTEM\/wp-json\/wp\/v2\/pages"}],"about":[{"href":"https:\/\/gender-ict.net\/jovenesSTEM\/wp-json\/wp\/v2\/types\/page"}],"author":[{"embeddable":true,"href":"https:\/\/gender-ict.net\/jovenesSTEM\/wp-json\/wp\/v2\/users\/1"}],"replies":[{"embeddable":true,"href":"https:\/\/gender-ict.net\/jovenesSTEM\/wp-json\/wp\/v2\/comments?post=24"}],"version-history":[{"count":20,"href":"https:\/\/gender-ict.net\/jovenesSTEM\/wp-json\/wp\/v2\/pages\/24\/revisions"}],"predecessor-version":[{"id":289,"href":"https:\/\/gender-ict.net\/jovenesSTEM\/wp-json\/wp\/v2\/pages\/24\/revisions\/289"}],"wp:attachment":[{"href":"https:\/\/gender-ict.net\/jovenesSTEM\/wp-json\/wp\/v2\/media?parent=24"}],"curies":[{"name":"wp","href":"https:\/\/api.w.org\/{rel}","templated":true}]}}