{"id":58,"date":"2023-10-13T09:18:28","date_gmt":"2023-10-13T09:18:28","guid":{"rendered":"https:\/\/gender-ict.net\/intersect\/?page_id=58"},"modified":"2025-04-01T08:55:29","modified_gmt":"2025-04-01T08:55:29","slug":"contact","status":"publish","type":"page","link":"https:\/\/gender-ict.net\/intersect\/contact\/","title":{"rendered":"Contact"},"content":{"rendered":"\n<p style=\"font-size:19px\">The Intersectional Social Justice seminar series is organised by the <a href=\"https:\/\/gender-ict.net\/\" target=\"_blank\" rel=\"noreferrer noopener\">Gender and ICT<\/a> research group of the <a href=\"https:\/\/www.uoc.edu\/portal\/en\/in3\/index.html\" target=\"_blank\" rel=\"noreferrer noopener\">Internet Interdisciplinary Institute (IN3) at Universitat Oberta de Catalunya<\/a> and coordinated by <a href=\"https:\/\/gender-ict.net\/people\/jorg-muller\/\" target=\"_blank\" rel=\"noreferrer noopener\">J\u00f6rg M\u00fcller<\/a>. Contact us by email at the addresses below.<\/p>\n\n\n\n<figure class=\"wp-block-image size-full\"><a href=\"https:\/\/gender-ict.net\/people\/jorg-muller\/\" target=\"_blank\" rel=\"noreferrer noopener\"><img loading=\"lazy\" decoding=\"async\" width=\"236\" height=\"300\" src=\"https:\/\/gender-ict.net\/intersect\/wp-content\/uploads\/sites\/44\/2023\/10\/Jorg_Muller.jpg\" alt=\"\" class=\"wp-image-70\" \/><\/a><\/figure>\n\n\n\n<p style=\"font-size:19px\"><strong>J\u00f6rg M\u00fcller<\/strong>, organiser. Senior researcher at the <a href=\"https:\/\/gender-ict.net\/people\/jorg-muller\/\">Gender and ICT Research Group (GenTIC)<\/a> at the IN3, Universitat Oberta de Catalunya, <a href=\"mailto:jmuller@uoc.edu\">jmuller@uoc.edu<\/a>.<\/p>\n\n\n\n<p style=\"font-size:19px\"><strong>For general information, email us at:<\/strong> <a href=\"mailto:gentic@uoc.edu\">gentic@uoc.edu<\/a><\/p>\n","protected":false},"excerpt":{"rendered":"<p>The Intersectional Social Justice seminar series is organised by the Gender and ICT research group of the Internet Interdisciplinary Institute (IN3) at Universitat Oberta de Catalunya and coordinated by J\u00f6rg M\u00fcller. Contact us by email at the addresses below. J\u00f6rg M\u00fcller, organiser. Senior researcher at the Gender and ICT Research Group (GenTIC) at the IN3,&#8230;<\/p>\n","protected":false},"author":2,"featured_media":0,"parent":0,"menu_order":0,"comment_status":"closed","ping_status":"closed","template":"","meta":{"_kad_post_transparent":"","_kad_post_title":"","_kad_post_layout":"","_kad_post_sidebar_id":"","_kad_post_content_style":"","_kad_post_vertical_padding":"","_kad_post_feature":"","_kad_post_feature_position":"","_kad_post_header":false,"_kad_post_footer":false,"_kad_post_classname":"","footnotes":""},"class_list":["post-58","page","type-page","status-publish","hentry"],"_links":{"self":[{"href":"https:\/\/gender-ict.net\/intersect\/wp-json\/wp\/v2\/pages\/58","targetHints":{"allow":["GET"]}}],"collection":[{"href":"https:\/\/gender-ict.net\/intersect\/wp-json\/wp\/v2\/pages"}],"about":[{"href":"https:\/\/gender-ict.net\/intersect\/wp-json\/wp\/v2\/types\/page"}],"author":[{"embeddable":true,"href":"https:\/\/gender-ict.net\/intersect\/wp-json\/wp\/v2\/users\/2"}],"replies":[{"embeddable":true,"href":"https:\/\/gender-ict.net\/intersect\/wp-json\/wp\/v2\/comments?post=58"}],"version-history":[{"count":7,"href":"https:\/\/gender-ict.net\/intersect\/wp-json\/wp\/v2\/pages\/58\/revisions"}],"predecessor-version":[{"id":280,"href":"https:\/\/gender-ict.net\/intersect\/wp-json\/wp\/v2\/pages\/58\/revisions\/280"}],"wp:attachment":[{"href":"https:\/\/gender-ict.net\/intersect\/wp-json\/wp\/v2\/media?parent=58"}],"curies":[{"name":"wp","href":"https:\/\/api.w.org\/{rel}","templated":true}]}}