{"id":840,"date":"2024-05-02T13:55:06","date_gmt":"2024-05-02T13:55:06","guid":{"rendered":"https:\/\/gender-ict.net\/horigestem\/?page_id=840"},"modified":"2025-10-30T13:03:12","modified_gmt":"2025-10-30T13:03:12","slug":"seminarios","status":"publish","type":"page","link":"https:\/\/gender-ict.net\/horigestem\/seminarios\/","title":{"rendered":"Seminarios"},"content":{"rendered":"\n<p>Consulta aqu\u00ed los seminarios de investigaci\u00f3n que organizamos en el proyecto <strong>HORIGESTEM<\/strong> para promover la reflexi\u00f3n y facilitar un debate abierto sobre las desigualdades de g\u00e9nero en la educaci\u00f3n y sectores profesionales STEM y de otras disciplinas.<\/p>\n\n\n\n<div style=\"height:30px\" aria-hidden=\"true\" class=\"wp-block-spacer\"><\/div>\n\n\n\n<div class=\"wp-block-media-text is-stacked-on-mobile is-vertically-aligned-center is-image-fill-element has-theme-palette-8-background-color has-background\" style=\"grid-template-columns:38% auto\"><figure class=\"wp-block-media-text__media\"><a href=\"https:\/\/symposium.uoc.edu\/141581\/detail\/seminario-de-investigacion-de-genero-y-tic-2025-retos-y-resistencias-frente-a-las-desigualdades-de-.html\" target=\"_blank\" rel=\"noreferrer noopener\"><img loading=\"lazy\" decoding=\"async\" width=\"1024\" height=\"642\" src=\"https:\/\/gender-ict.net\/horigestem\/wp-content\/uploads\/sites\/43\/2025\/10\/GENTIC-research-seminar-2025-1024x642.jpg\" alt=\"\" class=\"wp-image-1084 size-full\" style=\"object-position:50% 50%\" srcset=\"https:\/\/gender-ict.net\/horigestem\/wp-content\/uploads\/sites\/43\/2025\/10\/GENTIC-research-seminar-2025-1024x642.jpg 1024w, https:\/\/gender-ict.net\/horigestem\/wp-content\/uploads\/sites\/43\/2025\/10\/GENTIC-research-seminar-2025-300x188.jpg 300w, https:\/\/gender-ict.net\/horigestem\/wp-content\/uploads\/sites\/43\/2025\/10\/GENTIC-research-seminar-2025-768x482.jpg 768w, https:\/\/gender-ict.net\/horigestem\/wp-content\/uploads\/sites\/43\/2025\/10\/GENTIC-research-seminar-2025.jpg 1084w\" sizes=\"auto, (max-width: 1024px) 100vw, 1024px\" \/><\/a><\/figure><div class=\"wp-block-media-text__content\">\n<p class=\"has-text-align-center\" style=\"margin-top:var(--wp--preset--spacing--30);margin-right:0;margin-bottom:var(--wp--preset--spacing--30);margin-left:0;font-size:23px;line-height:1.2\"><strong>Seminario de investigaci\u00f3n de G\u00e9nero y TIC 2025: Retos y resistencias frente a las desigualdades de g\u00e9nero y las relaciones de poder interseccionales en la educaci\u00f3n, investigaci\u00f3n e innovaci\u00f3n<\/strong><\/p>\n\n\n\n<p class=\"has-text-align-center\">Universitat Oberta de Catalunya<\/p>\n\n\n\n<p class=\"has-text-align-center\" style=\"margin-top:0;margin-right:0;margin-bottom:0;margin-left:0;font-size:18px\">29 de octubre de 2025<\/p>\n\n\n\n<p class=\"has-text-align-center\" style=\"margin-top:0;margin-right:0;margin-bottom:0;margin-left:0;font-size:18px\">10:00 \u2013 14:00 h CET<\/p>\n\n\n\n<p class=\"has-text-align-center\" style=\"font-size:17px\">Hub interdisciplinario I+D de la UOC y en l\u00ednea.<\/p>\n\n\n<style>.wp-block-kadence-advancedbtn.kb-btns840_ddf567-20{gap:var(--global-kb-gap-xs, 0.5rem );justify-content:center;align-items:center;}.kt-btns840_ddf567-20 .kt-button{font-weight:normal;font-style:normal;}.kt-btns840_ddf567-20 .kt-btn-wrap-0{margin-right:5px;}.wp-block-kadence-advancedbtn.kt-btns840_ddf567-20 .kt-btn-wrap-0 .kt-button{color:#555555;border-color:#555555;}.wp-block-kadence-advancedbtn.kt-btns840_ddf567-20 .kt-btn-wrap-0 .kt-button:hover, .wp-block-kadence-advancedbtn.kt-btns840_ddf567-20 .kt-btn-wrap-0 .kt-button:focus{color:#ffffff;border-color:#444444;}.wp-block-kadence-advancedbtn.kt-btns840_ddf567-20 .kt-btn-wrap-0 .kt-button::before{display:none;}.wp-block-kadence-advancedbtn.kt-btns840_ddf567-20 .kt-btn-wrap-0 .kt-button:hover, .wp-block-kadence-advancedbtn.kt-btns840_ddf567-20 .kt-btn-wrap-0 .kt-button:focus{background:#444444;}<\/style>\n<div class=\"wp-block-kadence-advancedbtn kb-buttons-wrap kb-btns840_ddf567-20\"><style>ul.menu .wp-block-kadence-advancedbtn .kb-btn840_d8d8a0-f0.kb-button{width:initial;}.wp-block-kadence-advancedbtn .kb-btn840_d8d8a0-f0.kb-button{color:var(--global-palette8, #F7FAFC);}.kb-btn840_d8d8a0-f0.kb-button .kb-svg-icon-wrap{color:var(--global-palette1, #3182CE);}.kb-btn840_d8d8a0-f0.kb-button:hover .kb-svg-icon-wrap, .kb-btn840_d8d8a0-f0.kb-button:focus .kb-svg-icon-wrap{color:var(--global-palette1, #3182CE);}.wp-block-kadence-advancedbtn .kb-btn840_d8d8a0-f0.kb-button:hover, .wp-block-kadence-advancedbtn .kb-btn840_d8d8a0-f0.kb-button:focus{color:var(--global-palette9, #ffffff);}<\/style><a class=\"kb-button kt-button button kb-btn840_d8d8a0-f0 kt-btn-size-small kt-btn-width-type-auto kb-btn-global-fill  kt-btn-has-text-true kt-btn-has-svg-false  wp-block-kadence-singlebtn\" href=\"https:\/\/symposium.uoc.edu\/141581\/detail\/seminario-de-investigacion-de-genero-y-tic-2025-retos-y-resistencias-frente-a-las-desigualdades-de-.html\" target=\"_blank\" rel=\"noreferrer noopener\"><span class=\"kt-btn-inner-text\">Leer m\u00e1s<\/span><\/a><\/div>\n<\/div><\/div>\n\n\n\n<div style=\"height:30px\" aria-hidden=\"true\" class=\"wp-block-spacer\"><\/div>\n\n\n\n<div class=\"wp-block-media-text is-stacked-on-mobile is-vertically-aligned-center is-image-fill-element has-theme-palette-8-background-color has-background\" style=\"grid-template-columns:38% auto\"><figure class=\"wp-block-media-text__media\"><a href=\"https:\/\/symposium.uoc.edu\/121596\/detail\/seminario-de-investigacion-de-genero-y-tic-perspectivas-feministas-interseccionales-sobre-desiguald.html\" target=\"_blank\" rel=\"noreferrer noopener\"><img loading=\"lazy\" decoding=\"async\" width=\"1024\" height=\"642\" src=\"https:\/\/gender-ict.net\/horigestem\/wp-content\/uploads\/sites\/43\/2024\/11\/imatge-1-1024x642.png\" alt=\"\" class=\"wp-image-926 size-full\" style=\"object-position:50% 50%\" srcset=\"https:\/\/gender-ict.net\/horigestem\/wp-content\/uploads\/sites\/43\/2024\/11\/imatge-1-1024x642.png 1024w, https:\/\/gender-ict.net\/horigestem\/wp-content\/uploads\/sites\/43\/2024\/11\/imatge-1-300x188.png 300w, https:\/\/gender-ict.net\/horigestem\/wp-content\/uploads\/sites\/43\/2024\/11\/imatge-1-768x482.png 768w, https:\/\/gender-ict.net\/horigestem\/wp-content\/uploads\/sites\/43\/2024\/11\/imatge-1.png 1084w\" sizes=\"auto, (max-width: 1024px) 100vw, 1024px\" \/><\/a><\/figure><div class=\"wp-block-media-text__content\">\n<p class=\"has-text-align-center\" style=\"margin-top:var(--wp--preset--spacing--30);margin-right:0;margin-bottom:var(--wp--preset--spacing--30);margin-left:0;font-size:23px;line-height:1.2\"><strong>Seminario de investigaci\u00f3n de G\u00e9nero y TIC 2024: Perspectivas feministas interseccionales sobre desigualdades de g\u00e9nero, relaciones de poder y bienestar en la era digital<\/strong><\/p>\n\n\n\n<p class=\"has-text-align-center\">Universitat Oberta de Catalunya<\/p>\n\n\n\n<p class=\"has-text-align-center\" style=\"margin-top:0;margin-right:0;margin-bottom:0;margin-left:0;font-size:18px\">8 de octubre de 2024<\/p>\n\n\n\n<p class=\"has-text-align-center\" style=\"margin-top:0;margin-right:0;margin-bottom:0;margin-left:0;font-size:18px\">10:30 \u2013 14:30 h CET<\/p>\n\n\n\n<p class=\"has-text-align-center\" style=\"font-size:17px\">Hub interdisciplinario I+D de la UOC y en l\u00ednea.<\/p>\n\n\n<style>.wp-block-kadence-advancedbtn.kb-btns840_e16c0e-67{gap:var(--global-kb-gap-xs, 0.5rem );justify-content:center;align-items:center;}.kt-btns840_e16c0e-67 .kt-button{font-weight:normal;font-style:normal;}.kt-btns840_e16c0e-67 .kt-btn-wrap-0{margin-right:5px;}.wp-block-kadence-advancedbtn.kt-btns840_e16c0e-67 .kt-btn-wrap-0 .kt-button{color:#555555;border-color:#555555;}.wp-block-kadence-advancedbtn.kt-btns840_e16c0e-67 .kt-btn-wrap-0 .kt-button:hover, .wp-block-kadence-advancedbtn.kt-btns840_e16c0e-67 .kt-btn-wrap-0 .kt-button:focus{color:#ffffff;border-color:#444444;}.wp-block-kadence-advancedbtn.kt-btns840_e16c0e-67 .kt-btn-wrap-0 .kt-button::before{display:none;}.wp-block-kadence-advancedbtn.kt-btns840_e16c0e-67 .kt-btn-wrap-0 .kt-button:hover, .wp-block-kadence-advancedbtn.kt-btns840_e16c0e-67 .kt-btn-wrap-0 .kt-button:focus{background:#444444;}<\/style>\n<div class=\"wp-block-kadence-advancedbtn kb-buttons-wrap kb-btns840_e16c0e-67\"><style>ul.menu .wp-block-kadence-advancedbtn .kb-btn840_d17acb-e7.kb-button{width:initial;}.wp-block-kadence-advancedbtn .kb-btn840_d17acb-e7.kb-button{color:var(--global-palette8, #F7FAFC);}.kb-btn840_d17acb-e7.kb-button .kb-svg-icon-wrap{color:var(--global-palette1, #3182CE);}.kb-btn840_d17acb-e7.kb-button:hover .kb-svg-icon-wrap, .kb-btn840_d17acb-e7.kb-button:focus .kb-svg-icon-wrap{color:var(--global-palette1, #3182CE);}.wp-block-kadence-advancedbtn .kb-btn840_d17acb-e7.kb-button:hover, .wp-block-kadence-advancedbtn .kb-btn840_d17acb-e7.kb-button:focus{color:var(--global-palette9, #ffffff);}<\/style><a class=\"kb-button kt-button button kb-btn840_d17acb-e7 kt-btn-size-small kt-btn-width-type-auto kb-btn-global-fill  kt-btn-has-text-true kt-btn-has-svg-false  wp-block-kadence-singlebtn\" href=\"https:\/\/symposium.uoc.edu\/121596\/detail\/seminario-de-investigacion-de-genero-y-tic-perspectivas-feministas-interseccionales-sobre-desiguald.html\" target=\"_blank\" rel=\"noreferrer noopener\"><span class=\"kt-btn-inner-text\">Leer m\u00e1s<\/span><\/a><\/div>\n<\/div><\/div>\n\n\n\n<div style=\"height:30px\" aria-hidden=\"true\" class=\"wp-block-spacer\"><\/div>\n\n\n\n<div class=\"wp-block-media-text is-stacked-on-mobile is-vertically-aligned-center is-image-fill-element has-theme-palette-8-background-color has-background\" style=\"grid-template-columns:38% auto\"><figure class=\"wp-block-media-text__media\"><a href=\"https:\/\/gender-ict.net\/horigestem\/2024\/05\/30\/seminario-sobre-bienestar-academico-habilidades-socioemocionales-y-diferencias-relacionadas-con-el-genero-y-otros-factores\/\"><img decoding=\"async\" src=\"https:\/\/gender-ict.net\/horigestem\/wp-content\/uploads\/sites\/43\/2024\/08\/katja-upadyaya.jpg\" alt=\"\" class=\"wp-image-895 size-full\" style=\"object-position:50% 50%\" \/><\/a><\/figure><div class=\"wp-block-media-text__content\">\n<p class=\"has-text-align-center\" style=\"margin-top:var(--wp--preset--spacing--30);margin-right:0;margin-bottom:var(--wp--preset--spacing--30);margin-left:0;font-size:23px;line-height:1.2\"><strong>Students\u2019 academic well-being, socioemotional skills, and differences related to gender and other demographic factors<\/strong> <strong>(applying LCA)<\/strong><\/p>\n\n\n\n<p class=\"has-text-align-center\" style=\"margin-top:0;margin-bottom:0\">Katja Upadyaya<\/p>\n\n\n\n<p class=\"has-text-align-center\">University of Helsinki<\/p>\n\n\n\n<p class=\"has-text-align-center\" style=\"margin-top:0;margin-right:0;margin-bottom:0;margin-left:0;font-size:18px\">4 de junio de 2024<\/p>\n\n\n\n<p class=\"has-text-align-center\" style=\"margin-top:0;margin-right:0;margin-bottom:0;margin-left:0;font-size:18px\">17:00 \u2013 18:30 h CET<\/p>\n\n\n\n<p class=\"has-text-align-center\" style=\"font-size:17px\">Hub interdisciplinario I+D de la UOC y en l\u00ednea.<\/p>\n\n\n<style>.wp-block-kadence-advancedbtn.kb-btns840_5a2618-b3{gap:var(--global-kb-gap-xs, 0.5rem );justify-content:center;align-items:center;}.kt-btns840_5a2618-b3 .kt-button{font-weight:normal;font-style:normal;}.kt-btns840_5a2618-b3 .kt-btn-wrap-0{margin-right:5px;}.wp-block-kadence-advancedbtn.kt-btns840_5a2618-b3 .kt-btn-wrap-0 .kt-button{color:#555555;border-color:#555555;}.wp-block-kadence-advancedbtn.kt-btns840_5a2618-b3 .kt-btn-wrap-0 .kt-button:hover, .wp-block-kadence-advancedbtn.kt-btns840_5a2618-b3 .kt-btn-wrap-0 .kt-button:focus{color:#ffffff;border-color:#444444;}.wp-block-kadence-advancedbtn.kt-btns840_5a2618-b3 .kt-btn-wrap-0 .kt-button::before{display:none;}.wp-block-kadence-advancedbtn.kt-btns840_5a2618-b3 .kt-btn-wrap-0 .kt-button:hover, .wp-block-kadence-advancedbtn.kt-btns840_5a2618-b3 .kt-btn-wrap-0 .kt-button:focus{background:#444444;}<\/style>\n<div class=\"wp-block-kadence-advancedbtn kb-buttons-wrap kb-btns840_5a2618-b3\"><style>ul.menu .wp-block-kadence-advancedbtn .kb-btn840_fe9f65-7b.kb-button{width:initial;}.wp-block-kadence-advancedbtn .kb-btn840_fe9f65-7b.kb-button{color:var(--global-palette9, #ffffff);}.kb-btn840_fe9f65-7b.kb-button .kb-svg-icon-wrap{color:var(--global-palette1, #3182CE);}.kb-btn840_fe9f65-7b.kb-button:hover .kb-svg-icon-wrap, .kb-btn840_fe9f65-7b.kb-button:focus .kb-svg-icon-wrap{color:var(--global-palette1, #3182CE);}.wp-block-kadence-advancedbtn .kb-btn840_fe9f65-7b.kb-button:hover, .wp-block-kadence-advancedbtn .kb-btn840_fe9f65-7b.kb-button:focus{color:var(--global-palette9, #ffffff);}<\/style><a class=\"kb-button kt-button button kb-btn840_fe9f65-7b kt-btn-size-small kt-btn-width-type-auto kb-btn-global-fill  kt-btn-has-text-true kt-btn-has-svg-false  wp-block-kadence-singlebtn\" href=\"https:\/\/gender-ict.net\/horigestem\/2024\/05\/30\/seminario-sobre-bienestar-academico-habilidades-socioemocionales-y-diferencias-relacionadas-con-el-genero-y-otros-factores\/\"><span class=\"kt-btn-inner-text\">Leer m\u00e1s<\/span><\/a><\/div>\n<\/div><\/div>\n\n\n\n<div style=\"height:30px\" aria-hidden=\"true\" class=\"wp-block-spacer\"><\/div>\n\n\n\n<div class=\"wp-block-media-text is-stacked-on-mobile is-vertically-aligned-center is-image-fill-element has-theme-palette-8-background-color has-background\" style=\"grid-template-columns:38% auto\"><figure class=\"wp-block-media-text__media\"><a href=\"https:\/\/gender-ict.net\/horigestem\/2024\/06\/03\/como-reducir-las-desigualdades-de-genero-en-la-ciencia-espacial-seminario-con-joanna-pyrkosz-pacyna\/\"><img loading=\"lazy\" decoding=\"async\" width=\"1024\" height=\"645\" src=\"https:\/\/gender-ict.net\/horigestem\/wp-content\/uploads\/sites\/43\/2024\/08\/seminario-tecnologia-espacial-1024x645.jpg\" alt=\"\" class=\"wp-image-896 size-full\" style=\"object-position:50% 50%\" \/><\/a><\/figure><div class=\"wp-block-media-text__content\">\n<p class=\"has-text-align-center\" style=\"margin-top:var(--wp--preset--spacing--30);margin-right:0;margin-bottom:var(--wp--preset--spacing--30);margin-left:0;font-size:25px;line-height:1.2\"><strong>Gender gaps in space engineering. A crosscultural study<\/strong><\/p>\n\n\n\n<p class=\"has-text-align-center\" style=\"margin-top:0;margin-bottom:0\">Joanna Pyrkosz-Pacyna<\/p>\n\n\n\n<p class=\"has-text-align-center\">Space Technology Center, AGH University<\/p>\n\n\n\n<p class=\"has-text-align-center\" style=\"margin-top:0;margin-right:0;margin-bottom:0;margin-left:0;font-size:18px\">3 de junio de 2024<\/p>\n\n\n\n<p class=\"has-text-align-center\" style=\"margin-top:0;margin-right:0;margin-bottom:0;margin-left:0;font-size:18px\">15:00 \u2013 16:00 h CET<\/p>\n\n\n\n<p class=\"has-text-align-center\" style=\"font-size:17px\">Campus UOC (Edificio U) y en l\u00ednea.<\/p>\n\n\n<style>.wp-block-kadence-advancedbtn.kb-btns840_333c9d-d2{gap:var(--global-kb-gap-xs, 0.5rem );justify-content:center;align-items:center;}.kt-btns840_333c9d-d2 .kt-button{font-weight:normal;font-style:normal;}.kt-btns840_333c9d-d2 .kt-btn-wrap-0{margin-right:5px;}.wp-block-kadence-advancedbtn.kt-btns840_333c9d-d2 .kt-btn-wrap-0 .kt-button{color:#555555;border-color:#555555;}.wp-block-kadence-advancedbtn.kt-btns840_333c9d-d2 .kt-btn-wrap-0 .kt-button:hover, .wp-block-kadence-advancedbtn.kt-btns840_333c9d-d2 .kt-btn-wrap-0 .kt-button:focus{color:#ffffff;border-color:#444444;}.wp-block-kadence-advancedbtn.kt-btns840_333c9d-d2 .kt-btn-wrap-0 .kt-button::before{display:none;}.wp-block-kadence-advancedbtn.kt-btns840_333c9d-d2 .kt-btn-wrap-0 .kt-button:hover, .wp-block-kadence-advancedbtn.kt-btns840_333c9d-d2 .kt-btn-wrap-0 .kt-button:focus{background:#444444;}<\/style>\n<div class=\"wp-block-kadence-advancedbtn kb-buttons-wrap kb-btns840_333c9d-d2\"><style>ul.menu .wp-block-kadence-advancedbtn .kb-btn840_925b24-c8.kb-button{width:initial;}.wp-block-kadence-advancedbtn .kb-btn840_925b24-c8.kb-button{color:var(--global-palette9, #ffffff);}.kb-btn840_925b24-c8.kb-button .kb-svg-icon-wrap{color:var(--global-palette1, #3182CE);}.kb-btn840_925b24-c8.kb-button:hover .kb-svg-icon-wrap, .kb-btn840_925b24-c8.kb-button:focus .kb-svg-icon-wrap{color:var(--global-palette1, #3182CE);}.wp-block-kadence-advancedbtn .kb-btn840_925b24-c8.kb-button:hover, .wp-block-kadence-advancedbtn .kb-btn840_925b24-c8.kb-button:focus{color:var(--global-palette9, #ffffff);}<\/style><a class=\"kb-button kt-button button kb-btn840_925b24-c8 kt-btn-size-small kt-btn-width-type-auto kb-btn-global-fill  kt-btn-has-text-true kt-btn-has-svg-false  wp-block-kadence-singlebtn\" href=\"https:\/\/gender-ict.net\/horigestem\/2024\/06\/03\/como-reducir-las-desigualdades-de-genero-en-la-ciencia-espacial-seminario-con-joanna-pyrkosz-pacyna\/\"><span class=\"kt-btn-inner-text\">Leer m\u00e1s<\/span><\/a><\/div>\n<\/div><\/div>\n\n\n\n<div style=\"height:30px\" aria-hidden=\"true\" class=\"wp-block-spacer\"><\/div>\n\n\n\n<div class=\"wp-block-media-text is-stacked-on-mobile is-vertically-aligned-center is-image-fill-element has-theme-palette-8-background-color has-background\" style=\"grid-template-columns:38% auto\"><figure class=\"wp-block-media-text__media\"><a href=\"https:\/\/gender-ict.net\/horigestem\/2023\/11\/06\/seminario-barreras-individuales-e-institucionales-para-la-diversidad-en-stem\/\"><img loading=\"lazy\" decoding=\"async\" width=\"1024\" height=\"647\" src=\"https:\/\/gender-ict.net\/horigestem\/wp-content\/uploads\/sites\/43\/2023\/11\/seminario-barreras-individuales-institucionales-STEM-1024x647.jpg\" alt=\"\" class=\"wp-image-765 size-full\" style=\"object-position:94% 49%\" srcset=\"https:\/\/gender-ict.net\/horigestem\/wp-content\/uploads\/sites\/43\/2023\/11\/seminario-barreras-individuales-institucionales-STEM-1024x647.jpg 1024w, https:\/\/gender-ict.net\/horigestem\/wp-content\/uploads\/sites\/43\/2023\/11\/seminario-barreras-individuales-institucionales-STEM-300x190.jpg 300w, https:\/\/gender-ict.net\/horigestem\/wp-content\/uploads\/sites\/43\/2023\/11\/seminario-barreras-individuales-institucionales-STEM-768x485.jpg 768w, https:\/\/gender-ict.net\/horigestem\/wp-content\/uploads\/sites\/43\/2023\/11\/seminario-barreras-individuales-institucionales-STEM.jpg 1076w\" sizes=\"auto, (max-width: 1024px) 100vw, 1024px\" \/><\/a><\/figure><div class=\"wp-block-media-text__content\">\n<p class=\"has-text-align-center\" style=\"margin-top:var(--wp--preset--spacing--30);margin-right:0;margin-bottom:var(--wp--preset--spacing--30);margin-left:0;font-size:25px;line-height:1.2\"><strong>Individual and institutional barriers to diversity in STEM<\/strong><\/p>\n\n\n\n<p class=\"has-text-align-center\" style=\"margin-top:0;margin-bottom:0\">Andrei Cimpian y Joseph Cimpian<\/p>\n\n\n\n<p class=\"has-text-align-center\">New York University<\/p>\n\n\n\n<p class=\"has-text-align-center\" style=\"margin-top:0;margin-right:0;margin-bottom:0;margin-left:0;font-size:18px\">20 de noviembre de 2023<\/p>\n\n\n\n<p class=\"has-text-align-center\" style=\"margin-top:0;margin-right:0;margin-bottom:0;margin-left:0;font-size:18px\">17:00 \u2013 18:30 h CET<\/p>\n\n\n\n<p class=\"has-text-align-center\" style=\"font-size:17px\">Hub interdisciplinario I+D de la UOC y en l\u00ednea.<\/p>\n\n\n<style>.wp-block-kadence-advancedbtn.kb-btns840_d94c34-f2{gap:var(--global-kb-gap-xs, 0.5rem );justify-content:center;align-items:center;}.kt-btns840_d94c34-f2 .kt-button{font-weight:normal;font-style:normal;}.kt-btns840_d94c34-f2 .kt-btn-wrap-0{margin-right:5px;}.wp-block-kadence-advancedbtn.kt-btns840_d94c34-f2 .kt-btn-wrap-0 .kt-button{color:#555555;border-color:#555555;}.wp-block-kadence-advancedbtn.kt-btns840_d94c34-f2 .kt-btn-wrap-0 .kt-button:hover, .wp-block-kadence-advancedbtn.kt-btns840_d94c34-f2 .kt-btn-wrap-0 .kt-button:focus{color:#ffffff;border-color:#444444;}.wp-block-kadence-advancedbtn.kt-btns840_d94c34-f2 .kt-btn-wrap-0 .kt-button::before{display:none;}.wp-block-kadence-advancedbtn.kt-btns840_d94c34-f2 .kt-btn-wrap-0 .kt-button:hover, .wp-block-kadence-advancedbtn.kt-btns840_d94c34-f2 .kt-btn-wrap-0 .kt-button:focus{background:#444444;}<\/style>\n<div class=\"wp-block-kadence-advancedbtn kb-buttons-wrap kb-btns840_d94c34-f2\"><style>ul.menu .wp-block-kadence-advancedbtn .kb-btn840_f676b7-32.kb-button{width:initial;}.wp-block-kadence-advancedbtn .kb-btn840_f676b7-32.kb-button{color:var(--global-palette9, #ffffff);}.kb-btn840_f676b7-32.kb-button .kb-svg-icon-wrap{color:var(--global-palette1, #3182CE);}.kb-btn840_f676b7-32.kb-button:hover .kb-svg-icon-wrap, .kb-btn840_f676b7-32.kb-button:focus .kb-svg-icon-wrap{color:var(--global-palette1, #3182CE);}.wp-block-kadence-advancedbtn .kb-btn840_f676b7-32.kb-button:hover, .wp-block-kadence-advancedbtn .kb-btn840_f676b7-32.kb-button:focus{color:var(--global-palette9, #ffffff);}<\/style><a class=\"kb-button kt-button button kb-btn840_f676b7-32 kt-btn-size-small kt-btn-width-type-auto kb-btn-global-fill  kt-btn-has-text-true kt-btn-has-svg-false  wp-block-kadence-singlebtn\" href=\"https:\/\/gender-ict.net\/horigestem\/2023\/11\/06\/seminario-barreras-individuales-e-institucionales-para-la-diversidad-en-stem\/\"><span class=\"kt-btn-inner-text\">Leer m\u00e1s<\/span><\/a><\/div>\n<\/div><\/div>\n\n\n\n<div style=\"height:30px\" aria-hidden=\"true\" class=\"wp-block-spacer\"><\/div>\n\n\n\n<div class=\"wp-block-media-text is-stacked-on-mobile is-vertically-aligned-center is-image-fill-element has-theme-palette-8-background-color has-background\" style=\"grid-template-columns:38% auto\"><figure class=\"wp-block-media-text__media\"><a href=\"https:\/\/gender-ict.net\/horigestem\/2023\/10\/09\/culturas-organizativas-masculinas-y-diversidad-de-genero-en-el-trabajo-seminario-de-investigacion-con-andrea-vial\/\"><img loading=\"lazy\" decoding=\"async\" width=\"290\" height=\"290\" src=\"https:\/\/gender-ict.net\/horigestem\/wp-content\/uploads\/sites\/43\/2024\/05\/Andrea-Vial.jpg\" alt=\"\" class=\"wp-image-834 size-full\" style=\"object-position:50% 50%\" srcset=\"https:\/\/gender-ict.net\/horigestem\/wp-content\/uploads\/sites\/43\/2024\/05\/Andrea-Vial.jpg 290w, https:\/\/gender-ict.net\/horigestem\/wp-content\/uploads\/sites\/43\/2024\/05\/Andrea-Vial-150x150.jpg 150w\" sizes=\"auto, (max-width: 290px) 100vw, 290px\" \/><\/a><\/figure><div class=\"wp-block-media-text__content\">\n<p class=\"has-text-align-center\" style=\"margin-top:var(--wp--preset--spacing--30);margin-right:0;margin-bottom:var(--wp--preset--spacing--30);margin-left:0;font-size:24px;line-height:1.2\"><strong><strong>Understanding gender segregation in the workplace<\/strong><\/strong><\/p>\n\n\n\n<p class=\"has-text-align-center\" style=\"margin-top:0;margin-bottom:0\">Andrea Vial<\/p>\n\n\n\n<p class=\"has-text-align-center\">New York University Abu Dhabi<\/p>\n\n\n\n<p class=\"has-text-align-center\" style=\"margin-top:0;margin-right:0;margin-bottom:0;margin-left:0;font-size:18px\">18 de octubre de 2023<\/p>\n\n\n\n<p class=\"has-text-align-center\" style=\"margin-top:0;margin-right:0;margin-bottom:0;margin-left:0;font-size:18px\">10:30 a 13:00 h CET<\/p>\n\n\n\n<p class=\"has-text-align-center\" style=\"font-size:17px\">Hub interdisciplinario I+D de la UOC.<\/p>\n\n\n<style>.wp-block-kadence-advancedbtn.kb-btns840_13e532-a4{gap:var(--global-kb-gap-xs, 0.5rem );justify-content:center;align-items:center;}.kt-btns840_13e532-a4 .kt-button{font-weight:normal;font-style:normal;}.kt-btns840_13e532-a4 .kt-btn-wrap-0{margin-right:5px;}.wp-block-kadence-advancedbtn.kt-btns840_13e532-a4 .kt-btn-wrap-0 .kt-button{color:#555555;border-color:#555555;}.wp-block-kadence-advancedbtn.kt-btns840_13e532-a4 .kt-btn-wrap-0 .kt-button:hover, .wp-block-kadence-advancedbtn.kt-btns840_13e532-a4 .kt-btn-wrap-0 .kt-button:focus{color:#ffffff;border-color:#444444;}.wp-block-kadence-advancedbtn.kt-btns840_13e532-a4 .kt-btn-wrap-0 .kt-button::before{display:none;}.wp-block-kadence-advancedbtn.kt-btns840_13e532-a4 .kt-btn-wrap-0 .kt-button:hover, .wp-block-kadence-advancedbtn.kt-btns840_13e532-a4 .kt-btn-wrap-0 .kt-button:focus{background:#444444;}<\/style>\n<div class=\"wp-block-kadence-advancedbtn kb-buttons-wrap kb-btns840_13e532-a4\"><style>ul.menu .wp-block-kadence-advancedbtn .kb-btn840_5016b6-7b.kb-button{width:initial;}.wp-block-kadence-advancedbtn .kb-btn840_5016b6-7b.kb-button{color:var(--global-palette9, #ffffff);}.kb-btn840_5016b6-7b.kb-button .kb-svg-icon-wrap{color:var(--global-palette1, #3182CE);}.kb-btn840_5016b6-7b.kb-button:hover .kb-svg-icon-wrap, .kb-btn840_5016b6-7b.kb-button:focus .kb-svg-icon-wrap{color:var(--global-palette1, #3182CE);}.wp-block-kadence-advancedbtn .kb-btn840_5016b6-7b.kb-button:hover, .wp-block-kadence-advancedbtn .kb-btn840_5016b6-7b.kb-button:focus{color:var(--global-palette9, #ffffff);}<\/style><a class=\"kb-button kt-button button kb-btn840_5016b6-7b kt-btn-size-small kt-btn-width-type-auto kb-btn-global-fill  kt-btn-has-text-true kt-btn-has-svg-false  wp-block-kadence-singlebtn\" href=\"https:\/\/gender-ict.net\/horigestem\/2023\/10\/09\/culturas-organizativas-masculinas-y-diversidad-de-genero-en-el-trabajo-seminario-de-investigacion-con-andrea-vial\/\"><span class=\"kt-btn-inner-text\">Leer m\u00e1s<\/span><\/a><\/div>\n<\/div><\/div>\n\n\n\n<div style=\"height:30px\" aria-hidden=\"true\" class=\"wp-block-spacer\"><\/div>\n","protected":false},"excerpt":{"rendered":"<p>Consulta aqu\u00ed los seminarios de investigaci\u00f3n que organizamos en el proyecto HORIGESTEM para promover la reflexi\u00f3n y facilitar un debate abierto sobre las desigualdades de g\u00e9nero en la educaci\u00f3n y sectores profesionales STEM y de otras disciplinas.<\/p>\n","protected":false},"author":2,"featured_media":0,"parent":0,"menu_order":0,"comment_status":"closed","ping_status":"closed","template":"","meta":{"_monsterinsights_skip_tracking":false,"_monsterinsights_sitenote_active":false,"_monsterinsights_sitenote_note":"","_monsterinsights_sitenote_category":0,"_kad_post_transparent":"","_kad_post_title":"","_kad_post_layout":"normal","_kad_post_sidebar_id":"","_kad_post_content_style":"","_kad_post_vertical_padding":"","_kad_post_feature":"","_kad_post_feature_position":"","_kad_post_header":false,"_kad_post_footer":false,"_kad_post_classname":"","footnotes":""},"class_list":["post-840","page","type-page","status-publish","hentry"],"_links":{"self":[{"href":"https:\/\/gender-ict.net\/horigestem\/wp-json\/wp\/v2\/pages\/840","targetHints":{"allow":["GET"]}}],"collection":[{"href":"https:\/\/gender-ict.net\/horigestem\/wp-json\/wp\/v2\/pages"}],"about":[{"href":"https:\/\/gender-ict.net\/horigestem\/wp-json\/wp\/v2\/types\/page"}],"author":[{"embeddable":true,"href":"https:\/\/gender-ict.net\/horigestem\/wp-json\/wp\/v2\/users\/2"}],"replies":[{"embeddable":true,"href":"https:\/\/gender-ict.net\/horigestem\/wp-json\/wp\/v2\/comments?post=840"}],"version-history":[{"count":25,"href":"https:\/\/gender-ict.net\/horigestem\/wp-json\/wp\/v2\/pages\/840\/revisions"}],"predecessor-version":[{"id":1085,"href":"https:\/\/gender-ict.net\/horigestem\/wp-json\/wp\/v2\/pages\/840\/revisions\/1085"}],"wp:attachment":[{"href":"https:\/\/gender-ict.net\/horigestem\/wp-json\/wp\/v2\/media?parent=840"}],"curies":[{"name":"wp","href":"https:\/\/api.w.org\/{rel}","templated":true}]}}