{"id":176,"date":"2023-04-26T15:59:57","date_gmt":"2023-04-26T15:59:57","guid":{"rendered":"https:\/\/gender-ict.net\/horigestem\/?page_id=176"},"modified":"2025-11-05T16:37:29","modified_gmt":"2025-11-05T16:37:29","slug":"contacto","status":"publish","type":"page","link":"https:\/\/gender-ict.net\/horigestem\/contacto\/","title":{"rendered":"Contacto"},"content":{"rendered":"\n<p>G\u00e9nero y TIC (GenTIC) es un grupo de investigaci\u00f3n de la <a href=\"https:\/\/www.uoc.edu\/es\" target=\"_blank\" rel=\"noreferrer noopener\">Universitat Oberta de Catalunya<\/a>. Puedes contactar en el correo-e <strong><a href=\"mailto:gentic@uoc.edu\">gentic@uoc.edu<\/a><\/strong> o en la direcci\u00f3n:<\/p>\n\n\n<style>.kadence-column176_37f7f1-42 > .kt-inside-inner-col,.kadence-column176_37f7f1-42 > .kt-inside-inner-col:before{border-top-left-radius:0px;border-top-right-radius:0px;border-bottom-right-radius:0px;border-bottom-left-radius:0px;}.kadence-column176_37f7f1-42 > .kt-inside-inner-col{column-gap:var(--global-kb-gap-sm, 1rem);}.kadence-column176_37f7f1-42 > .kt-inside-inner-col{flex-direction:column;}.kadence-column176_37f7f1-42 > .kt-inside-inner-col > .aligncenter{width:100%;}.kadence-column176_37f7f1-42 > .kt-inside-inner-col:before{opacity:0.3;}.kadence-column176_37f7f1-42{position:relative;}@media all and (max-width: 1024px){.kadence-column176_37f7f1-42 > .kt-inside-inner-col{flex-direction:column;justify-content:center;}}@media all and (max-width: 767px){.kadence-column176_37f7f1-42 > .kt-inside-inner-col{flex-direction:column;justify-content:center;}}<\/style>\n<div class=\"wp-block-kadence-column kadence-column176_37f7f1-42\"><div class=\"kt-inside-inner-col\">\n<p style=\"line-height:1.3\"><strong>Universitat Oberta de Catalunya<\/strong><\/p>\n\n\n\n<p style=\"line-height:0\">Edificio C &#8211; Hub Interdisciplinario de Investigaci\u00f3n e Innovaci\u00f3n<\/p>\n\n\n\n<p style=\"line-height:0\">Rambla del Poblenou, 154<\/p>\n\n\n\n<p style=\"line-height:0\">08018 Barcelona<\/p>\n\n\n\n<p style=\"font-size:19px;line-height:0\"><a rel=\"noreferrer noopener\" href=\"https:\/\/gender-ict.net\/\" data-type=\"URL\" data-id=\"https:\/\/gender-ict.net\/\" target=\"_blank\"><strong>gender-ict.net<\/strong><\/a><\/p>\n\n\n\n<p style=\"line-height:0\"><\/p>\n<\/div><\/div>\n","protected":false},"excerpt":{"rendered":"<p>G\u00e9nero y TIC (GenTIC) es un grupo de investigaci\u00f3n de la Universitat Oberta de Catalunya. Puedes contactar en el correo-e gentic@uoc.edu o en la direcci\u00f3n: Universitat Oberta de Catalunya Edificio C &#8211; Hub Interdisciplinario de Investigaci\u00f3n e Innovaci\u00f3n Rambla del Poblenou, 154 08018 Barcelona gender-ict.net<\/p>\n","protected":false},"author":2,"featured_media":0,"parent":0,"menu_order":0,"comment_status":"closed","ping_status":"closed","template":"","meta":{"_monsterinsights_skip_tracking":false,"_monsterinsights_sitenote_active":false,"_monsterinsights_sitenote_note":"","_monsterinsights_sitenote_category":0,"_kad_post_transparent":"","_kad_post_title":"","_kad_post_layout":"normal","_kad_post_sidebar_id":"","_kad_post_content_style":"","_kad_post_vertical_padding":"","_kad_post_feature":"","_kad_post_feature_position":"","_kad_post_header":false,"_kad_post_footer":false,"_kad_post_classname":"","footnotes":""},"class_list":["post-176","page","type-page","status-publish","hentry"],"_links":{"self":[{"href":"https:\/\/gender-ict.net\/horigestem\/wp-json\/wp\/v2\/pages\/176","targetHints":{"allow":["GET"]}}],"collection":[{"href":"https:\/\/gender-ict.net\/horigestem\/wp-json\/wp\/v2\/pages"}],"about":[{"href":"https:\/\/gender-ict.net\/horigestem\/wp-json\/wp\/v2\/types\/page"}],"author":[{"embeddable":true,"href":"https:\/\/gender-ict.net\/horigestem\/wp-json\/wp\/v2\/users\/2"}],"replies":[{"embeddable":true,"href":"https:\/\/gender-ict.net\/horigestem\/wp-json\/wp\/v2\/comments?post=176"}],"version-history":[{"count":14,"href":"https:\/\/gender-ict.net\/horigestem\/wp-json\/wp\/v2\/pages\/176\/revisions"}],"predecessor-version":[{"id":1092,"href":"https:\/\/gender-ict.net\/horigestem\/wp-json\/wp\/v2\/pages\/176\/revisions\/1092"}],"wp:attachment":[{"href":"https:\/\/gender-ict.net\/horigestem\/wp-json\/wp\/v2\/media?parent=176"}],"curies":[{"name":"wp","href":"https:\/\/api.w.org\/{rel}","templated":true}]}}