{"id":174,"date":"2023-04-26T15:32:10","date_gmt":"2023-04-26T15:32:10","guid":{"rendered":"https:\/\/gender-ict.net\/horigestem\/?page_id=174"},"modified":"2025-10-09T16:36:12","modified_gmt":"2025-10-09T16:36:12","slug":"television-y-video","status":"publish","type":"page","link":"https:\/\/gender-ict.net\/horigestem\/medios\/television-y-video\/","title":{"rendered":"Televisi\u00f3n y v\u00eddeo"},"content":{"rendered":"\n<p><strong>2025, 1 de septiembre.<\/strong> <strong>Fundaci\u00f3 Ferrer i Gu\u00e0rdia <strong>\u2013 YouTube<\/strong>.<\/strong> Trencant barreres pel talent digital femen\u00ed | P\u00f2dcast ParticipaTIC. La investigadora principal de <strong>HORIGESTEM<\/strong>, <a href=\"https:\/\/gender-ict.net\/people\/milagros-sainz\/\" target=\"_blank\" rel=\"noreferrer noopener\">Milagros S\u00e1inz<\/a>, particip\u00f3 en este videop\u00f3dcast del proyecto ParticipaTIC, de la Fundaci\u00f3n Ferrer i Gu\u00e0rdia, para reflexionar sobre las m\u00faltiples causas de la brecha digital de g\u00e9nero y compartir estrategias para abordarlas de forma integral y con una mirada feminista e interseccional (<a href=\"https:\/\/youtu.be\/Sc7s7tFk4jM?si=ReB9wYZXj-VEBagl\" target=\"_blank\" rel=\"noreferrer noopener\">ver v\u00eddeo<\/a>).<\/p>\n\n\n\n<p><strong>2025, 24 de abril. Can\u00f2drom Ateneu d&#8217;Innovaci\u00f3 Digital<\/strong> <strong>\u2013 YouTube.<\/strong> <a href=\"https:\/\/gender-ict.net\/people\/milagros-sainz\/\" target=\"_blank\" rel=\"noreferrer noopener\">Milagros S\u00e1inz<\/a> particip\u00f3 como ponente invitada en una <a href=\"http:\/\/comunitat.canodrom.barcelona\/assemblies\/comunitat\/f\/1651\/meetings\/2902?locale=es\" target=\"_blank\" rel=\"noreferrer noopener\">jornada con motivo del D\u00eda Internacional de las Chicas en las TIC<\/a>. El acto estuvo organizado por Colectic dentro del proyecto <a href=\"https:\/\/codeclubcat.org\/\" target=\"_blank\" rel=\"noreferrer noopener\">Code Club<\/a> y tuvo lugar en el Can\u00f2drom \u2013 Ateneu d\u2019Innovaci\u00f3 Democr\u00e0tica de Barcelona (<a href=\"https:\/\/www.youtube.com\/live\/aZDh_mC6Q7s?si=AltTrVUQi7jY5d0d\" target=\"_blank\" rel=\"noreferrer noopener\">ver v\u00eddeo<\/a>).<\/p>\n\n\n\n<p><strong>2024, 28 de noviembre. Fundaci\u00f3 Ferrer i Gu\u00e0rdia <strong>\u2013 YouTube<\/strong>.<\/strong> La investigadora principal de HORIGESTEM, <a href=\"https:\/\/gender-ict.net\/people\/milagros-sainz\/\" target=\"_blank\" rel=\"noreferrer noopener\">Milagros S\u00e1inz<\/a>, particip\u00f3 como experta invitada en una mesa redonda sobre derechos digitales y g\u00e9nero dentro de la <a href=\"https:\/\/www.ferrerguardia.org\/event\/desconectando-desigualdades-42\/register\" target=\"_blank\" rel=\"noreferrer noopener\">Jornada \u00abDesconectando desigualdades\u00bb<\/a>, organizada por la <a href=\"https:\/\/www.ferrerguardia.org\/\" target=\"_blank\" rel=\"noreferrer noopener\">Fundaci\u00f3 Ferrer i Gu\u00e0rdia<\/a> en el Palau Macaya de Barcelona (<a href=\"https:\/\/www.youtube.com\/live\/Pgn-WC4TkLI?si=GxmW-PuJqDf65FTj\" target=\"_blank\" rel=\"noreferrer noopener\">ver v\u00eddeo<\/a>).<\/p>\n\n\n\n<p><strong>2023, 5 de octubre. Universidad del Norte \u2013 YouTube. <\/strong><a href=\"https:\/\/gender-ict.net\/people\/milagros-sainz\/\" target=\"_blank\" rel=\"noreferrer noopener\">Milagros S\u00e1inz<\/a> ofreci\u00f3 una presentaci\u00f3n invitada sobre el desarrollo de las diferencias de g\u00e9nero en la motivaci\u00f3n en lengua, matem\u00e1ticas y ciencias a lo largo de la educaci\u00f3n secundaria en el XI Seminario de Educaci\u00f3n e Infancia organizado por la Universidad del Norte (Colombia) (<a href=\"https:\/\/www.youtube.com\/live\/biDbGgzs2xI?si=d2pxuuMFWYpdva3Q&amp;t=552\" target=\"_blank\" rel=\"noreferrer noopener\">ver video<\/a>)<\/p>\n\n\n\n<p class=\"has-text-align-left\"><strong>2023, 17 de mayo. Fundaci\u00f3n Integra Digital<\/strong>. La investigadora principal de HORIGESTEM, <a href=\"https:\/\/gender-ict.net\/people\/milagros-sainz\/\" target=\"_blank\" rel=\"noreferrer noopener\">Milagros S\u00e1inz<\/a>, particip\u00f3 en el Webinar \u201cDise\u00f1ando el futuro de Internet para una mejor sociedad\u201d, organizado por&nbsp;la <a href=\"https:\/\/www.f-integra.org\/\" target=\"_blank\" rel=\"noreferrer noopener\">Fundaci\u00f3n Integra Digital<\/a> el D\u00eda de Internet. En este evento, Milagros S\u00e1inz analiz\u00f3 los sesgos y brechas de g\u00e9nero en el \u00e1mbito digital (<a href=\"https:\/\/scalelite.f-integra.org\/playback\/presentation\/2.3\/25293f2761d658cc70c19515861842d712751bdc-1684307860104\" target=\"_blank\" rel=\"noreferrer noopener\">ver v\u00eddeo)<\/a>.<\/p>\n\n\n\n<p><\/p>\n","protected":false},"excerpt":{"rendered":"<p>2025, 1 de septiembre. Fundaci\u00f3 Ferrer i Gu\u00e0rdia \u2013 YouTube. Trencant barreres pel talent digital femen\u00ed | P\u00f2dcast ParticipaTIC. La investigadora principal de HORIGESTEM, Milagros S\u00e1inz, particip\u00f3 en este videop\u00f3dcast del proyecto ParticipaTIC, de la Fundaci\u00f3n Ferrer i Gu\u00e0rdia, para reflexionar sobre las m\u00faltiples causas de la brecha digital de g\u00e9nero y compartir estrategias para&#8230;<\/p>\n","protected":false},"author":3,"featured_media":0,"parent":167,"menu_order":0,"comment_status":"closed","ping_status":"closed","template":"","meta":{"_monsterinsights_skip_tracking":false,"_monsterinsights_sitenote_active":false,"_monsterinsights_sitenote_note":"","_monsterinsights_sitenote_category":0,"_kad_post_transparent":"","_kad_post_title":"","_kad_post_layout":"normal","_kad_post_sidebar_id":"","_kad_post_content_style":"","_kad_post_vertical_padding":"","_kad_post_feature":"","_kad_post_feature_position":"","_kad_post_header":false,"_kad_post_footer":false,"_kad_post_classname":"","footnotes":""},"class_list":["post-174","page","type-page","status-publish","hentry"],"_links":{"self":[{"href":"https:\/\/gender-ict.net\/horigestem\/wp-json\/wp\/v2\/pages\/174","targetHints":{"allow":["GET"]}}],"collection":[{"href":"https:\/\/gender-ict.net\/horigestem\/wp-json\/wp\/v2\/pages"}],"about":[{"href":"https:\/\/gender-ict.net\/horigestem\/wp-json\/wp\/v2\/types\/page"}],"author":[{"embeddable":true,"href":"https:\/\/gender-ict.net\/horigestem\/wp-json\/wp\/v2\/users\/3"}],"replies":[{"embeddable":true,"href":"https:\/\/gender-ict.net\/horigestem\/wp-json\/wp\/v2\/comments?post=174"}],"version-history":[{"count":17,"href":"https:\/\/gender-ict.net\/horigestem\/wp-json\/wp\/v2\/pages\/174\/revisions"}],"predecessor-version":[{"id":1055,"href":"https:\/\/gender-ict.net\/horigestem\/wp-json\/wp\/v2\/pages\/174\/revisions\/1055"}],"up":[{"embeddable":true,"href":"https:\/\/gender-ict.net\/horigestem\/wp-json\/wp\/v2\/pages\/167"}],"wp:attachment":[{"href":"https:\/\/gender-ict.net\/horigestem\/wp-json\/wp\/v2\/media?parent=174"}],"curies":[{"name":"wp","href":"https:\/\/api.w.org\/{rel}","templated":true}]}}