{"id":17,"date":"2023-04-03T16:03:30","date_gmt":"2023-04-03T16:03:30","guid":{"rendered":"https:\/\/gender-ict.net\/horigestem\/?page_id=17"},"modified":"2026-04-10T09:51:44","modified_gmt":"2026-04-10T09:51:44","slug":"el-proyecto","status":"publish","type":"page","link":"https:\/\/gender-ict.net\/horigestem\/el-proyecto\/","title":{"rendered":"El proyecto"},"content":{"rendered":"\n<p>En los \u00faltimos 15 a\u00f1os se han desarrollado numerosas iniciativas a nivel internacional para revertir la escasa presencia de mujeres en \u00e1mbitos relacionados con la ciencia, tecnolog\u00eda, ingenier\u00eda y matem\u00e1ticas (STEM). Estas iniciativas y programas parten de una creciente preocupaci\u00f3n por las grandes desigualdades de g\u00e9nero que se observan en el rendimiento de las personas m\u00e1s j\u00f3venes en materias cient\u00edfico-tecnol\u00f3gicas y el desinter\u00e9s que muestran las chicas por la elecci\u00f3n de estudios STEM, particularmente por aquellos tradicionalmente ocupados por hombres, como las ciencias puras y la tecnolog\u00eda. Muchos estudios abordan esta tem\u00e1tica, de gran relevancia no solo por las desigualdades y la situaci\u00f3n de injusticia social que generan sino tambi\u00e9n porque la falta de participaci\u00f3n de las mujeres en STEM supone una importante p\u00e9rdida de talento.<\/p>\n\n\n\n<p>El proyecto <strong>HORIGESTEM <\/strong>nace con el objetivo de verificar la importancia de realizar actividades dirigidas a fomentar las vocaciones cient\u00edficas y tecnol\u00f3gicas de las adolescentes a partir de acciones basadas en referentes femeninos (<em>role models<\/em>). <strong>HORIGESTEM <\/strong>parte de la hip\u00f3tesis de que las intervenciones basadas en <em>role models<\/em> contribuyen a fomentar el inter\u00e9s de las chicas por las materias STEM y a cambiar sus estereotipos sobre las mujeres que trabajan en estos \u00e1mbitos. Para ello, en esta investigaci\u00f3n <strong>se han llevado a cabo dos estudios<\/strong> para examinar en qu\u00e9 medida las intervenciones basadas en mujeres referentes que trabajan en sectores cient\u00edficos y tecnol\u00f3gicos contribuyen a aumentar el inter\u00e9s de las chicas por las carreras STEM y su elecci\u00f3n de estudios en estas disciplinas:<\/p>\n\n\n\n<ul class=\"wp-block-list\">\n<li>un estudio cuasi-experimental con estudiantes de secundaria analiza c\u00f3mo la mera exposici\u00f3n de las chicas y los chicos a sesiones con mujeres <em>role models<\/em> mejora su competencia STEM (autoconfianza), aumentar\u00e1 su motivaci\u00f3n e inter\u00e9s por las carreras STEM, y reducir\u00e1 sus estereotipos sobre las mujeres en el sector cient\u00edfico-tecnol\u00f3gico.<\/li>\n<\/ul>\n\n\n\n<ul class=\"wp-block-list\">\n<li>un estudio cualitativo explora el impacto de un programa de mentorazgo femenino que promueve el empoderamiento de las chicas en STEM a lo largo de la educaci\u00f3n secundaria y otras etapas educativas.<\/li>\n<\/ul>\n\n\n\n<p>El proyecto <strong>HORIGESTEM <\/strong>est\u00e1 financiado por el Ministerio de Ciencia, Innovaci\u00f3n y Universidades (MICIU), la Agencia Estatal de Investigaci\u00f3n (AEI) y el Fondo Europeo de Desarrollo Regional (FEDER \u201cUna\u00a0manera de hacer Europa\u201d) y se ha desarrollado durante tres a\u00f1os, entre 2022 y 2025. La investigaci\u00f3n enlaza con un nuevo proyecto con enfoque internacional, <a href=\"https:\/\/gender-ict.net\/horigestem\/horigestem-eire\/\" data-type=\"page\" data-id=\"1156\"><strong>HORIGESTEM EIRE<\/strong><\/a>, que revisa y compara las caracter\u00edsticas de iniciativas basadas en mujeres referentes en STEM en Irlanda y Espa\u00f1a. <\/p>\n\n\n\n<p><strong>Financiado por:<\/strong> Proyecto PID2021-123049OB-I00,&nbsp;financiado por MICIU\/AEI\/10.13039\/501100011033 y por&nbsp;FEDER \u201cUna&nbsp;manera de hacer Europa\u201d.<\/p>\n\n\n\n<p><strong>Fecha de inicio:<\/strong>&nbsp; 01\/09\/2022 \u2013&nbsp;<strong>Fecha de finalizaci\u00f3n:<\/strong>&nbsp;31\/08\/2025<\/p>\n\n\n\n<p><strong>Investigadora principal:&nbsp;<\/strong><a href=\"https:\/\/gender-ict.net\/people\/milagros-sainz\/\" target=\"_blank\" rel=\"noreferrer noopener\">Milagros S\u00e1inz Ib\u00e1\u00f1ez<\/a>, directora del grupo de investigaci\u00f3n G\u00e9nero y TIC, del Centro de Investigaci\u00f3n Interdisciplinar en Transformaciones Sociales y Culturales (TR\u00c0NSIC), Universitat Oberta de Catalunya.<\/p>\n\n\n\n<p><strong>Proyectos relacionados:<\/strong><\/p>\n\n\n\n<p><a href=\"https:\/\/gender-ict.net\/horigestem\/horigestem-eire\/\" data-type=\"page\" data-id=\"1156\"><strong>HORIGESTEM EIRE (2026)<\/strong><\/a> (financiado por el Ministerio de Ciencia, Innovaci\u00f3n y Universidades, ayuda para estancias de movilidad en centros extranjeros de ense\u00f1anza superior e investigaci\u00f3n, Ref. PRX24\/00489).<\/p>\n\n\n\n<p><a rel=\"noreferrer noopener\" href=\"https:\/\/www.gender-ict.net\/gestemi\/\" data-type=\"URL\" data-id=\"https:\/\/www.gender-ict.net\/gestemi\/\" target=\"_blank\"><strong>GESTEMI (2018 \u2013 2022)<\/strong><\/a> (financiado por el Ministerio de Econom\u00eda, Industria y Competitividad (MINECO), la Agencia Estatal de Investigaci\u00f3n (AEI), y el Fondo Europeo de Desarrollo Regional (FEDER). Referencia FEM2017-84589-R).<\/p>\n\n\n\n<p><a href=\"https:\/\/gender-ict.net\/estereo\/\" target=\"_blank\" rel=\"noreferrer noopener\"><strong>ESTEREO (2015-2018)<\/strong><\/a>&nbsp;(financiado por el Ministerio de Econom\u00eda y Competitividad y el Fondo Europeo de Desarrollo Regional (FEDER). Referencia FEM2014-55096-R).<\/p>\n\n\n\n<p><a href=\"https:\/\/gender-ict.net\/projects\/past-projects\/expectancies\/\" target=\"_blank\" rel=\"noreferrer noopener\"><strong>EXPECTANCIES (2011-2014)<\/strong><\/a>&nbsp;(financiado por el Ministerio de Ciencia e Innovaci\u00f3n. Referencia FEM2011-2014117).<\/p>\n","protected":false},"excerpt":{"rendered":"<p>En los \u00faltimos 15 a\u00f1os se han desarrollado numerosas iniciativas a nivel internacional para revertir la escasa presencia de mujeres en \u00e1mbitos relacionados con la ciencia, tecnolog\u00eda, ingenier\u00eda y matem\u00e1ticas (STEM). Estas iniciativas y programas parten de una creciente preocupaci\u00f3n por las grandes desigualdades de g\u00e9nero que se observan en el rendimiento de las personas&#8230;<\/p>\n","protected":false},"author":2,"featured_media":0,"parent":0,"menu_order":1,"comment_status":"closed","ping_status":"closed","template":"","meta":{"_monsterinsights_skip_tracking":false,"_monsterinsights_sitenote_active":false,"_monsterinsights_sitenote_note":"","_monsterinsights_sitenote_category":0,"_kad_post_transparent":"","_kad_post_title":"show","_kad_post_layout":"normal","_kad_post_sidebar_id":"","_kad_post_content_style":"","_kad_post_vertical_padding":"","_kad_post_feature":"show","_kad_post_feature_position":"above","_kad_post_header":false,"_kad_post_footer":false,"_kad_post_classname":"","footnotes":""},"class_list":["post-17","page","type-page","status-publish","hentry"],"_links":{"self":[{"href":"https:\/\/gender-ict.net\/horigestem\/wp-json\/wp\/v2\/pages\/17","targetHints":{"allow":["GET"]}}],"collection":[{"href":"https:\/\/gender-ict.net\/horigestem\/wp-json\/wp\/v2\/pages"}],"about":[{"href":"https:\/\/gender-ict.net\/horigestem\/wp-json\/wp\/v2\/types\/page"}],"author":[{"embeddable":true,"href":"https:\/\/gender-ict.net\/horigestem\/wp-json\/wp\/v2\/users\/2"}],"replies":[{"embeddable":true,"href":"https:\/\/gender-ict.net\/horigestem\/wp-json\/wp\/v2\/comments?post=17"}],"version-history":[{"count":15,"href":"https:\/\/gender-ict.net\/horigestem\/wp-json\/wp\/v2\/pages\/17\/revisions"}],"predecessor-version":[{"id":1177,"href":"https:\/\/gender-ict.net\/horigestem\/wp-json\/wp\/v2\/pages\/17\/revisions\/1177"}],"wp:attachment":[{"href":"https:\/\/gender-ict.net\/horigestem\/wp-json\/wp\/v2\/media?parent=17"}],"curies":[{"name":"wp","href":"https:\/\/api.w.org\/{rel}","templated":true}]}}