{"id":541,"date":"2018-05-30T10:17:57","date_gmt":"2018-05-30T10:17:57","guid":{"rendered":"https:\/\/gender-ict.net\/gestemi\/?page_id=541"},"modified":"2019-10-22T15:42:01","modified_gmt":"2019-10-22T13:42:01","slug":"pagina-principal","status":"publish","type":"page","link":"https:\/\/gender-ict.net\/gestemi\/","title":{"rendered":"P\u00c1GINA PRINCIPAL"},"content":{"rendered":"<h4 style=\"text-align: center;\">\u00bfC\u00f3mo aumentar el inter\u00e9s de las j\u00f3venes por los estudios y profesiones cient\u00edficos y tecnol\u00f3gicos?<\/h4>\n<hr \/>\n<p style=\"text-align: left;\">GESTEMI es un proyecto del grupo de investigaci\u00f3n G\u00e9nero y TIC (GenTIC) de la Universitat Oberta de Catalunya que investiga la eficacia y los efectos de intervenciones orientadas a aumentar el inter\u00e9s de las j\u00f3venes en edad escolar por los estudios y profesiones STEM (Ciencia, Tecnolog\u00eda, Ingenier\u00eda y Matem\u00e1ticas).<\/p>\n","protected":false},"excerpt":{"rendered":"<p>\u00bfC\u00f3mo aumentar el inter\u00e9s de las j\u00f3venes por los estudios y profesiones cient\u00edficos y tecnol\u00f3gicos? GESTEMI es un proyecto del grupo de investigaci\u00f3n G\u00e9nero y TIC (GenTIC) de la Universitat Oberta de Catalunya que investiga la eficacia y los efectos de intervenciones orientadas a aumentar el inter\u00e9s de las j\u00f3venes en edad escolar por los &hellip; <a href=\"https:\/\/gender-ict.net\/gestemi\/\" class=\"more-link\">Contin\u00faa leyendo <span class=\"screen-reader-text\">P\u00c1GINA PRINCIPAL<\/span><\/a><\/p>\n","protected":false},"author":1,"featured_media":2718,"parent":0,"menu_order":0,"comment_status":"closed","ping_status":"closed","template":"page-templates\/front-page.php","meta":{"_monsterinsights_skip_tracking":false,"_monsterinsights_sitenote_active":false,"_monsterinsights_sitenote_note":"","_monsterinsights_sitenote_category":0,"footnotes":""},"class_list":["post-541","page","type-page","status-publish","has-post-thumbnail","hentry"],"_links":{"self":[{"href":"https:\/\/gender-ict.net\/gestemi\/wp-json\/wp\/v2\/pages\/541","targetHints":{"allow":["GET"]}}],"collection":[{"href":"https:\/\/gender-ict.net\/gestemi\/wp-json\/wp\/v2\/pages"}],"about":[{"href":"https:\/\/gender-ict.net\/gestemi\/wp-json\/wp\/v2\/types\/page"}],"author":[{"embeddable":true,"href":"https:\/\/gender-ict.net\/gestemi\/wp-json\/wp\/v2\/users\/1"}],"replies":[{"embeddable":true,"href":"https:\/\/gender-ict.net\/gestemi\/wp-json\/wp\/v2\/comments?post=541"}],"version-history":[{"count":49,"href":"https:\/\/gender-ict.net\/gestemi\/wp-json\/wp\/v2\/pages\/541\/revisions"}],"predecessor-version":[{"id":2741,"href":"https:\/\/gender-ict.net\/gestemi\/wp-json\/wp\/v2\/pages\/541\/revisions\/2741"}],"wp:featuredmedia":[{"embeddable":true,"href":"https:\/\/gender-ict.net\/gestemi\/wp-json\/wp\/v2\/media\/2718"}],"wp:attachment":[{"href":"https:\/\/gender-ict.net\/gestemi\/wp-json\/wp\/v2\/media?parent=541"}],"curies":[{"name":"wp","href":"https:\/\/api.w.org\/{rel}","templated":true}]}}