{"id":409,"date":"2018-05-29T08:31:32","date_gmt":"2018-05-29T08:31:32","guid":{"rendered":"https:\/\/gender-ict.net\/gestemi\/?page_id=409"},"modified":"2023-05-05T13:36:57","modified_gmt":"2023-05-05T11:36:57","slug":"equipo","status":"publish","type":"page","link":"https:\/\/gender-ict.net\/gestemi\/equipo\/","title":{"rendered":"EQUIPO"},"content":{"rendered":"<h3><img loading=\"lazy\" decoding=\"async\" class=\"alignnone wp-image-491\" src=\"https:\/\/gender-ict.net\/gestemi\/wp-content\/uploads\/sites\/42\/2018\/05\/gender-ict_people_milagros-sainz.png\" alt=\"\" width=\"150\" height=\"150\" srcset=\"https:\/\/gender-ict.net\/gestemi\/wp-content\/uploads\/sites\/42\/2018\/05\/gender-ict_people_milagros-sainz.png 162w, https:\/\/gender-ict.net\/gestemi\/wp-content\/uploads\/sites\/42\/2018\/05\/gender-ict_people_milagros-sainz-150x150.png 150w, https:\/\/gender-ict.net\/gestemi\/wp-content\/uploads\/sites\/42\/2018\/05\/gender-ict_people_milagros-sainz-96x96.png 96w\" sizes=\"auto, (max-width: 150px) 100vw, 150px\" \/><\/h3>\n<h3>Milagros S\u00e1inz<\/h3>\n<p>Directora de GenTIC e investigadora principal del proyecto.<br \/>\n<a href=\"http:\/\/gender-ict.net\/people\/milagros-sainz\/\" target=\"_blank\" rel=\"noopener\">Bio y contacto<\/a><br \/>\n<a href=\"https:\/\/twitter.com\/mila_sainz\" target=\"_blank\" rel=\"noopener noreferrer\">Twitter<\/a><br \/>\n<a href=\"https:\/\/www.linkedin.com\/in\/milagros-sainz-ibanez-00342140\/\" target=\"_blank\" rel=\"noopener noreferrer\">Linkedin<\/a><\/p>\n<h3><img loading=\"lazy\" decoding=\"async\" class=\"alignnone size-full wp-image-490\" src=\"https:\/\/gender-ict.net\/gestemi\/wp-content\/uploads\/sites\/42\/2018\/05\/sergi-fabregues-2-e1598887342292.png\" alt=\"\" width=\"150\" height=\"150\" \/><\/h3>\n<h3>Sergi F\u00e0bregues<\/h3>\n<p>Profesor de psicolog\u00eda de la UOC e investigador en GenTIC.<br \/>\n<a href=\"http:\/\/gender-ict.net\/people\/sergi-fabregues\/\" target=\"_blank\" rel=\"noopener\">Bio y contacto<\/a><br \/>\n<a href=\"https:\/\/twitter.com\/sfabreguesf\" target=\"_blank\" rel=\"noopener noreferrer\">Twitter<\/a><\/p>\n<h3><img loading=\"lazy\" decoding=\"async\" class=\"alignnone wp-image-492\" src=\"https:\/\/gender-ict.net\/gestemi\/wp-content\/uploads\/sites\/42\/2018\/05\/Julio_Meneses_b-n-e1598887409885.png\" alt=\"\" width=\"150\" height=\"146\" \/><\/h3>\n<h3>Julio Meneses<\/h3>\n<p>Profesor de psicolog\u00eda de la UOC e investigador en GenTIC.<br \/>\n<a href=\"http:\/\/gender-ict.net\/people\/julio-meneses\/\" target=\"_blank\" rel=\"noopener\">Bio y contacto<\/a><br \/>\n<a href=\"https:\/\/twitter.com\/taih\" target=\"_blank\" rel=\"noopener noreferrer\">Twitter<\/a><br \/>\n<a href=\"https:\/\/www.linkedin.com\/in\/julio-meneses-636509\/\" target=\"_blank\" rel=\"noopener noreferrer\">Linkedin<\/a><\/p>\n<h3><img loading=\"lazy\" decoding=\"async\" class=\"alignnone size-full wp-image-582\" src=\"https:\/\/gender-ict.net\/gestemi\/wp-content\/uploads\/sites\/42\/2018\/05\/Jorg_Muller_color-150x150-1.png\" alt=\"\" width=\"150\" height=\"150\" srcset=\"https:\/\/gender-ict.net\/gestemi\/wp-content\/uploads\/sites\/42\/2018\/05\/Jorg_Muller_color-150x150-1.png 150w, https:\/\/gender-ict.net\/gestemi\/wp-content\/uploads\/sites\/42\/2018\/05\/Jorg_Muller_color-150x150-1-96x96.png 96w\" sizes=\"auto, (max-width: 150px) 100vw, 150px\" \/><\/h3>\n<h3>J\u00f6rg M\u00fcller<\/h3>\n<p>Investigador s\u00e9nior en GenTIC.<br \/>\n<a href=\"http:\/\/gender-ict.net\/people\/jorg-muller\/\" target=\"_blank\" rel=\"noopener\">Bio y contacto<\/a><br \/>\n<a href=\"https:\/\/twitter.com\/JorgMullerRes\" target=\"_blank\" rel=\"noopener noreferrer\">Twitter<\/a><br \/>\n<a href=\"https:\/\/www.linkedin.com\/in\/jorgmuller\/\" target=\"_blank\" rel=\"noopener noreferrer\">Linkedin<\/a><\/p>\n<h3><img loading=\"lazy\" decoding=\"async\" class=\"alignnone wp-image-585\" src=\"https:\/\/gender-ict.net\/gestemi\/wp-content\/uploads\/sites\/42\/2018\/05\/sara_garcia_cuesta_c.gif\" alt=\"\" width=\"150\" height=\"150\" srcset=\"https:\/\/gender-ict.net\/gestemi\/wp-content\/uploads\/sites\/42\/2018\/05\/sara_garcia_cuesta_c.gif 144w, https:\/\/gender-ict.net\/gestemi\/wp-content\/uploads\/sites\/42\/2018\/05\/sara_garcia_cuesta_c-96x96.gif 96w\" sizes=\"auto, (max-width: 150px) 100vw, 150px\" \/><\/h3>\n<h3>Sara G. Cuesta<\/h3>\n<p>Profesora de la Universidad de La Laguna.<br \/>\n<a href=\"https:\/\/www.ull.es\/apps\/guias\/guias\/view_teacher_niu\/592\/(%3FPsagarcia.*)\/\" target=\"_blank\" rel=\"noopener noreferrer\">Bio\u00a0y contacto<\/a><br \/>\n<a href=\"https:\/\/es.linkedin.com\/in\/sara-garc%C3%ADa-cuesta-1920ba36\" target=\"_blank\" rel=\"noopener noreferrer\">Linkedin<\/a><\/p>\n","protected":false},"excerpt":{"rendered":"<p>Milagros S\u00e1inz Directora de GenTIC e investigadora principal del proyecto. Bio y contacto Twitter Linkedin Sergi F\u00e0bregues Profesor de psicolog\u00eda de la UOC e investigador en GenTIC. Bio y contacto Twitter Julio Meneses Profesor de psicolog\u00eda de la UOC e investigador en GenTIC. Bio y contacto Twitter Linkedin J\u00f6rg M\u00fcller Investigador s\u00e9nior en GenTIC. Bio &hellip; <a href=\"https:\/\/gender-ict.net\/gestemi\/equipo\/\" class=\"more-link\">Contin\u00faa leyendo <span class=\"screen-reader-text\">EQUIPO<\/span><\/a><\/p>\n","protected":false},"author":1,"featured_media":393,"parent":0,"menu_order":3,"comment_status":"closed","ping_status":"closed","template":"page-templates\/full-width-page.php","meta":{"_monsterinsights_skip_tracking":false,"_monsterinsights_sitenote_active":false,"_monsterinsights_sitenote_note":"","_monsterinsights_sitenote_category":0,"footnotes":""},"class_list":["post-409","page","type-page","status-publish","has-post-thumbnail","hentry"],"_links":{"self":[{"href":"https:\/\/gender-ict.net\/gestemi\/wp-json\/wp\/v2\/pages\/409","targetHints":{"allow":["GET"]}}],"collection":[{"href":"https:\/\/gender-ict.net\/gestemi\/wp-json\/wp\/v2\/pages"}],"about":[{"href":"https:\/\/gender-ict.net\/gestemi\/wp-json\/wp\/v2\/types\/page"}],"author":[{"embeddable":true,"href":"https:\/\/gender-ict.net\/gestemi\/wp-json\/wp\/v2\/users\/1"}],"replies":[{"embeddable":true,"href":"https:\/\/gender-ict.net\/gestemi\/wp-json\/wp\/v2\/comments?post=409"}],"version-history":[{"count":51,"href":"https:\/\/gender-ict.net\/gestemi\/wp-json\/wp\/v2\/pages\/409\/revisions"}],"predecessor-version":[{"id":3133,"href":"https:\/\/gender-ict.net\/gestemi\/wp-json\/wp\/v2\/pages\/409\/revisions\/3133"}],"wp:featuredmedia":[{"embeddable":true,"href":"https:\/\/gender-ict.net\/gestemi\/wp-json\/wp\/v2\/media\/393"}],"wp:attachment":[{"href":"https:\/\/gender-ict.net\/gestemi\/wp-json\/wp\/v2\/media?parent=409"}],"curies":[{"name":"wp","href":"https:\/\/api.w.org\/{rel}","templated":true}]}}