{"id":2900,"date":"2021-02-22T19:15:16","date_gmt":"2021-02-22T17:15:16","guid":{"rendered":"https:\/\/gender-ict.net\/gestemi\/?page_id=2900"},"modified":"2022-12-12T17:44:46","modified_gmt":"2022-12-12T15:44:46","slug":"resultados","status":"publish","type":"page","link":"https:\/\/gender-ict.net\/gestemi\/resultados\/","title":{"rendered":"RESULTADOS"},"content":{"rendered":"<p style=\"margin: 0cm; margin-bottom: .0001pt; background: white; vertical-align: baseline;\"><span lang=\"ES\" style=\"font-family: 'PT Sans',sans-serif; color: #303030; background: white;\">Aqu\u00ed puedes consultar los art\u00edculos acad\u00e9micos, libros y publicaciones divulgativas del proyecto GESTEMI y echar un vistazo a los congresos,\u00a0<\/span><span lang=\"ES\" style=\"font-family: 'PT Sans',sans-serif; color: #303030; background: white;\">jornadas y otros eventos en los que hemos participado para <\/span><span lang=\"ES\" style=\"font-family: 'PT Sans',sans-serif; color: #303030; background: white;\">compartir los resultados de la investigaci\u00f3n con la comunidad acad\u00e9mica y la sociedad.<\/span><\/p>\n<p>&nbsp;<\/p>\n<p><a href=\"https:\/\/gender-ict.net\/gestemi\/resultados\/comunicaciones-en-congresos\/\"><img loading=\"lazy\" decoding=\"async\" class=\"alignnone size-full wp-image-3059\" src=\"https:\/\/gender-ict.net\/gestemi\/wp-content\/uploads\/2022\/12\/Congresos-s.png\" alt=\"\" width=\"342\" height=\"228\" srcset=\"https:\/\/gender-ict.net\/gestemi\/wp-content\/uploads\/sites\/42\/2022\/12\/Congresos-s.png 342w, https:\/\/gender-ict.net\/gestemi\/wp-content\/uploads\/sites\/42\/2022\/12\/Congresos-s-300x200.png 300w, https:\/\/gender-ict.net\/gestemi\/wp-content\/uploads\/sites\/42\/2022\/12\/Congresos-s-288x192.png 288w\" sizes=\"auto, (max-width: 342px) 100vw, 342px\" \/><\/a><\/p>\n<p><a href=\"https:\/\/gender-ict.net\/gestemi\/resultados\/jornadas-y-eventos-de-comunicacion-cientifica\/\"><img loading=\"lazy\" decoding=\"async\" class=\"alignnone size-full wp-image-3060\" src=\"https:\/\/gender-ict.net\/gestemi\/wp-content\/uploads\/2022\/12\/Jornadas-s.png\" alt=\"\" width=\"342\" height=\"228\" srcset=\"https:\/\/gender-ict.net\/gestemi\/wp-content\/uploads\/sites\/42\/2022\/12\/Jornadas-s.png 342w, https:\/\/gender-ict.net\/gestemi\/wp-content\/uploads\/sites\/42\/2022\/12\/Jornadas-s-300x200.png 300w, https:\/\/gender-ict.net\/gestemi\/wp-content\/uploads\/sites\/42\/2022\/12\/Jornadas-s-288x192.png 288w\" sizes=\"auto, (max-width: 342px) 100vw, 342px\" \/><\/a><\/p>\n<p><a href=\"https:\/\/gender-ict.net\/gestemi\/resultados\/publicaciones\/\"><img loading=\"lazy\" decoding=\"async\" class=\"alignnone size-full wp-image-3061\" src=\"https:\/\/gender-ict.net\/gestemi\/wp-content\/uploads\/2022\/12\/Publicaciones-s.png\" alt=\"\" width=\"342\" height=\"228\" srcset=\"https:\/\/gender-ict.net\/gestemi\/wp-content\/uploads\/sites\/42\/2022\/12\/Publicaciones-s.png 342w, https:\/\/gender-ict.net\/gestemi\/wp-content\/uploads\/sites\/42\/2022\/12\/Publicaciones-s-300x200.png 300w, https:\/\/gender-ict.net\/gestemi\/wp-content\/uploads\/sites\/42\/2022\/12\/Publicaciones-s-288x192.png 288w\" sizes=\"auto, (max-width: 342px) 100vw, 342px\" \/><\/a><\/p>\n","protected":false},"excerpt":{"rendered":"<p>Aqu\u00ed puedes consultar los art\u00edculos acad\u00e9micos, libros y publicaciones divulgativas del proyecto GESTEMI y echar un vistazo a los congresos,\u00a0jornadas y otros eventos en los que hemos participado para compartir los resultados de la investigaci\u00f3n con la comunidad acad\u00e9mica y la sociedad. &nbsp;<\/p>\n","protected":false},"author":2,"featured_media":2901,"parent":0,"menu_order":0,"comment_status":"closed","ping_status":"closed","template":"","meta":{"_monsterinsights_skip_tracking":false,"_monsterinsights_sitenote_active":false,"_monsterinsights_sitenote_note":"","_monsterinsights_sitenote_category":0,"footnotes":""},"class_list":["post-2900","page","type-page","status-publish","has-post-thumbnail","hentry"],"_links":{"self":[{"href":"https:\/\/gender-ict.net\/gestemi\/wp-json\/wp\/v2\/pages\/2900","targetHints":{"allow":["GET"]}}],"collection":[{"href":"https:\/\/gender-ict.net\/gestemi\/wp-json\/wp\/v2\/pages"}],"about":[{"href":"https:\/\/gender-ict.net\/gestemi\/wp-json\/wp\/v2\/types\/page"}],"author":[{"embeddable":true,"href":"https:\/\/gender-ict.net\/gestemi\/wp-json\/wp\/v2\/users\/2"}],"replies":[{"embeddable":true,"href":"https:\/\/gender-ict.net\/gestemi\/wp-json\/wp\/v2\/comments?post=2900"}],"version-history":[{"count":36,"href":"https:\/\/gender-ict.net\/gestemi\/wp-json\/wp\/v2\/pages\/2900\/revisions"}],"predecessor-version":[{"id":3079,"href":"https:\/\/gender-ict.net\/gestemi\/wp-json\/wp\/v2\/pages\/2900\/revisions\/3079"}],"wp:featuredmedia":[{"embeddable":true,"href":"https:\/\/gender-ict.net\/gestemi\/wp-json\/wp\/v2\/media\/2901"}],"wp:attachment":[{"href":"https:\/\/gender-ict.net\/gestemi\/wp-json\/wp\/v2\/media?parent=2900"}],"curies":[{"name":"wp","href":"https:\/\/api.w.org\/{rel}","templated":true}]}}