{"id":239,"date":"2016-08-04T15:16:13","date_gmt":"2016-08-04T13:16:13","guid":{"rendered":"https:\/\/estereogeneroyeducacion.wordpress.com\/?page_id=239"},"modified":"2024-05-08T14:58:03","modified_gmt":"2024-05-08T14:58:03","slug":"medios","status":"publish","type":"page","link":"https:\/\/gender-ict.net\/estereo\/medios\/","title":{"rendered":"Medios"},"content":{"rendered":"\n<hr class=\"wp-block-separator has-text-color has-alpha-channel-opacity has-background\" style=\"background-color:#ffffff0f;color:#ffffff0f\"\/>\n\n\n\n<div class=\"wp-block-media-text alignfull is-stacked-on-mobile is-vertically-aligned-center\" style=\"grid-template-columns:25% auto\"><figure class=\"wp-block-media-text__media\"><img loading=\"lazy\" decoding=\"async\" width=\"640\" height=\"425\" src=\"https:\/\/gender-ict.net\/estereo\/wp-content\/uploads\/2024\/05\/medios-video.jpg\" alt=\"\" class=\"wp-image-542 size-full\" srcset=\"https:\/\/gender-ict.net\/estereo\/wp-content\/uploads\/sites\/41\/2024\/05\/medios-video.jpg 640w, https:\/\/gender-ict.net\/estereo\/wp-content\/uploads\/sites\/41\/2024\/05\/medios-video-300x199.jpg 300w, https:\/\/gender-ict.net\/estereo\/wp-content\/uploads\/sites\/41\/2024\/05\/medios-video-572x380.jpg 572w\" sizes=\"auto, (max-width: 640px) 100vw, 640px\" \/><\/figure><div class=\"wp-block-media-text__content\">\n<h3 class=\"wp-block-heading has-text-align-left has-text-color\" style=\"color:#000000;font-size:20px\">Videos<\/h3>\n\n\n\n<p class=\"has-text-align-left has-extra-small-font-size\"><a href=\"https:\/\/gender-ict.net\/estereo\/medios\/videos\/\" data-type=\"page\" data-id=\"192\">Leer m\u00e1s &#x2197;<\/a><\/p>\n<\/div><\/div>\n\n\n\n<hr class=\"wp-block-separator has-text-color has-alpha-channel-opacity has-background\" style=\"background-color:#ffffff00;color:#ffffff00\"\/>\n\n\n\n<hr class=\"wp-block-separator has-text-color has-alpha-channel-opacity has-background\" style=\"background-color:#ffffff00;color:#ffffff00\"\/>\n\n\n\n<div class=\"wp-block-media-text alignfull is-stacked-on-mobile is-vertically-aligned-center\" style=\"grid-template-columns:25% auto\"><figure class=\"wp-block-media-text__media\"><img loading=\"lazy\" decoding=\"async\" width=\"640\" height=\"426\" src=\"https:\/\/gender-ict.net\/estereo\/wp-content\/uploads\/2024\/05\/medios-radio.jpg\" alt=\"\" class=\"wp-image-543 size-full\" srcset=\"https:\/\/gender-ict.net\/estereo\/wp-content\/uploads\/sites\/41\/2024\/05\/medios-radio.jpg 640w, https:\/\/gender-ict.net\/estereo\/wp-content\/uploads\/sites\/41\/2024\/05\/medios-radio-300x200.jpg 300w, https:\/\/gender-ict.net\/estereo\/wp-content\/uploads\/sites\/41\/2024\/05\/medios-radio-571x380.jpg 571w\" sizes=\"auto, (max-width: 640px) 100vw, 640px\" \/><\/figure><div class=\"wp-block-media-text__content\">\n<h3 class=\"wp-block-heading has-text-align-left has-text-color\" style=\"color:#000000;font-size:20px\">Radio<\/h3>\n\n\n\n<p class=\"has-text-align-left has-extra-small-font-size\"><a href=\"https:\/\/gender-ict.net\/estereo\/medios\/radio\/\" data-type=\"page\" data-id=\"228\">Leer m\u00e1s &#x2197;<\/a><\/p>\n<\/div><\/div>\n\n\n\n<hr class=\"wp-block-separator has-text-color has-alpha-channel-opacity has-background\" style=\"background-color:#ffffff03;color:#ffffff03\"\/>\n\n\n\n<div class=\"wp-block-media-text alignfull is-stacked-on-mobile is-vertically-aligned-center\" style=\"grid-template-columns:25% auto\"><figure class=\"wp-block-media-text__media\"><img loading=\"lazy\" decoding=\"async\" width=\"640\" height=\"426\" src=\"https:\/\/gender-ict.net\/estereo\/wp-content\/uploads\/2024\/05\/medios-prensa_2.jpg\" alt=\"\" class=\"wp-image-544 size-full\" srcset=\"https:\/\/gender-ict.net\/estereo\/wp-content\/uploads\/sites\/41\/2024\/05\/medios-prensa_2.jpg 640w, https:\/\/gender-ict.net\/estereo\/wp-content\/uploads\/sites\/41\/2024\/05\/medios-prensa_2-300x200.jpg 300w, https:\/\/gender-ict.net\/estereo\/wp-content\/uploads\/sites\/41\/2024\/05\/medios-prensa_2-571x380.jpg 571w\" sizes=\"auto, (max-width: 640px) 100vw, 640px\" \/><\/figure><div class=\"wp-block-media-text__content\">\n<h3 class=\"wp-block-heading has-text-align-left has-text-color\" style=\"color:#000000;font-size:20px\">Prensa y blogs de noticias<\/h3>\n\n\n\n<p class=\"has-text-align-left has-extra-small-font-size\"><a href=\"https:\/\/gender-ict.net\/estereo\/medios\/prensa-y-medios-digitales\/\" data-type=\"page\" data-id=\"235\">Leer m\u00e1s &#x2197;<\/a><\/p>\n<\/div><\/div>\n\n\n\n<hr class=\"wp-block-separator has-text-color has-alpha-channel-opacity has-background\" style=\"background-color:#ffffff03;color:#ffffff03\"\/>\n","protected":false},"excerpt":{"rendered":"<p>Videos Leer m\u00e1s &#x2197; Radio Leer m\u00e1s &#x2197; Prensa y blogs de noticias Leer m\u00e1s &#x2197;<\/p>\n","protected":false},"author":3,"featured_media":315,"parent":0,"menu_order":0,"comment_status":"closed","ping_status":"closed","template":"","meta":{"_monsterinsights_skip_tracking":false,"_monsterinsights_sitenote_active":false,"_monsterinsights_sitenote_note":"","_monsterinsights_sitenote_category":0,"footnotes":""},"class_list":["post-239","page","type-page","status-publish","has-post-thumbnail","hentry","with-featured-image"],"_links":{"self":[{"href":"https:\/\/gender-ict.net\/estereo\/wp-json\/wp\/v2\/pages\/239","targetHints":{"allow":["GET"]}}],"collection":[{"href":"https:\/\/gender-ict.net\/estereo\/wp-json\/wp\/v2\/pages"}],"about":[{"href":"https:\/\/gender-ict.net\/estereo\/wp-json\/wp\/v2\/types\/page"}],"author":[{"embeddable":true,"href":"https:\/\/gender-ict.net\/estereo\/wp-json\/wp\/v2\/users\/3"}],"replies":[{"embeddable":true,"href":"https:\/\/gender-ict.net\/estereo\/wp-json\/wp\/v2\/comments?post=239"}],"version-history":[{"count":4,"href":"https:\/\/gender-ict.net\/estereo\/wp-json\/wp\/v2\/pages\/239\/revisions"}],"predecessor-version":[{"id":547,"href":"https:\/\/gender-ict.net\/estereo\/wp-json\/wp\/v2\/pages\/239\/revisions\/547"}],"wp:featuredmedia":[{"embeddable":true,"href":"https:\/\/gender-ict.net\/estereo\/wp-json\/wp\/v2\/media\/315"}],"wp:attachment":[{"href":"https:\/\/gender-ict.net\/estereo\/wp-json\/wp\/v2\/media?parent=239"}],"curies":[{"name":"wp","href":"https:\/\/api.w.org\/{rel}","templated":true}]}}