{"id":228,"date":"2016-08-04T12:54:18","date_gmt":"2016-08-04T10:54:18","guid":{"rendered":"https:\/\/estereogeneroyeducacion.wordpress.com\/?page_id=228"},"modified":"2024-05-08T15:03:07","modified_gmt":"2024-05-08T15:03:07","slug":"radio","status":"publish","type":"page","link":"https:\/\/gender-ict.net\/estereo\/medios\/radio\/","title":{"rendered":"Radio"},"content":{"rendered":"\n<figure class=\"wp-block-image size-full is-resized\"><img loading=\"lazy\" decoding=\"async\" width=\"640\" height=\"426\" src=\"https:\/\/gender-ict.net\/estereo\/wp-content\/uploads\/2024\/05\/medios-radio.jpg\" alt=\"\" class=\"wp-image-543\" style=\"width:300px\" srcset=\"https:\/\/gender-ict.net\/estereo\/wp-content\/uploads\/sites\/41\/2024\/05\/medios-radio.jpg 640w, https:\/\/gender-ict.net\/estereo\/wp-content\/uploads\/sites\/41\/2024\/05\/medios-radio-300x200.jpg 300w, https:\/\/gender-ict.net\/estereo\/wp-content\/uploads\/sites\/41\/2024\/05\/medios-radio-571x380.jpg 571w\" sizes=\"auto, (max-width: 640px) 100vw, 640px\" \/><\/figure>\n\n\n\n<hr class=\"wp-block-separator has-text-color has-alpha-channel-opacity has-background\" style=\"background-color:#ffffff12;color:#ffffff12\"\/>\n\n\n\n<p><strong>2017, 8 marzo<\/strong>\u00a0BTV R\u00e0dio.\u00a0El mat\u00ed de Barcelona\u00a0(00:06:23). Entrevista a Milagros S\u00e1inz sobre la infrarepresentaci\u00f3n de mujeres en los estudios de inform\u00e1tica y la influencia de los estereotipos de g\u00e9nero en la elecci\u00f3n de estudios.\u00a0<strong><a href=\"http:\/\/gender-ict.net\/wp-content\/uploads\/2017\/03\/BTVRadio-ElmatideBarcelona-MilagrosSainz-2017.03.08.mp3\" target=\"_blank\" rel=\"noopener\">Escuchar Podcast<\/a><\/strong><\/p>\n\n\n\n<p><strong>2017, 8 marzo<\/strong>&nbsp;R\u00e0dio Castellar \u2013 Magazine (00:15:59). Entrevista a Milagros S\u00e1inz sobre la influencia de los estereotipos de g\u00e9nero en la elecci\u00f3n de estudios.&nbsp;<strong><a href=\"http:\/\/gender-ict.net\/wp-content\/uploads\/2017\/03\/RadioCastellar-Magazine-MilagrosSainz-2017.03.08.mp3\" target=\"_blank\" rel=\"noopener\">Escuchar Podcast<\/a><\/strong><\/p>\n\n\n\n<p><strong>2017, 7 marzo<\/strong>&nbsp;Radio 5 Todo noticias (00:12:00). Entrevista a Milagros S\u00e1inz sobre la infrarepresentaci\u00f3n de mujeres en los estudios de inform\u00e1tica y la influencia de los estereotipos de g\u00e9nero en la elecci\u00f3n de estudios.&nbsp;<strong><a href=\"http:\/\/gender-ict.net\/wp-content\/uploads\/2017\/03\/Radio5Todonoticias-MilagrosSainz-2017.03.07.mp3\" target=\"_blank\" rel=\"noopener\">Escuchar Podcast<\/a><\/strong><\/p>\n\n\n\n<p><strong>2017 \u2013 6 marzo<\/strong>&nbsp;Cadena Ser \u2013 La Ventana (00:05:07). Entrevista a Milagros S\u00e1inz sobre la autopercepci\u00f3n de competencia de las j\u00f3venes en tecnolog\u00eda y matem\u00e1ticas.&nbsp;<strong><a href=\"http:\/\/gender-ict.net\/wp-content\/uploads\/2017\/03\/Cadena-Ser-Laventana-MilagrosSainz-2017.03.06.mp3\">Escuchar Podcast<\/a>&nbsp;<\/strong><\/p>\n\n\n\n<p><strong>2017, 6 marzo&nbsp;<\/strong>RAC1 \u2013 No ho s\u00e9 (00:03:07). Referencia a la investigaci\u00f3n sobre la influencia de los estereotipos de g\u00e9nero en la segregaci\u00f3n vocacional.&nbsp;<strong><a href=\"http:\/\/gender-ict.net\/wp-content\/uploads\/2017\/03\/RAC1-no-ho-se-la-portada-del-pou-les-dones-i-la-tecnologia-2017-03-06.mp3\" target=\"_blank\" rel=\"noopener\">Escuchar Podcast<\/a><\/strong><\/p>\n\n\n\n<p><strong>2017, 6 marzo<\/strong>&nbsp;Cadena COPE \u2013 La linterna (<span class=\"hora_av_new arial\">00:01:19)<\/span>. Entrevista a Milagros S\u00e1inz sobre el proyecto&nbsp;ESTEREO y la influencia de los estereotipos de g\u00e9nero en la elecci\u00f3n de estudios.&nbsp;<strong><a href=\"http:\/\/gender-ict.net\/wp-content\/uploads\/2017\/03\/CadenaCOPE-Lalinterna-MilagrosSainz-2017.03.06.mp3\" target=\"_blank\" rel=\"noopener\">Escuchar Podcast<\/a><\/strong><\/p>\n\n\n\n<p><strong>2015 \u2013 1 octubre<\/strong>&nbsp;RADIO 3 \u2013 Canal UNED (00:29:32). Entrevista a Milagros S\u00e1inz. \u00bfPor qu\u00e9 los roles y los estereotipos de g\u00e9nero influyen en la elecci\u00f3n de estudios?&nbsp;<strong><a href=\"http:\/\/gender-ict.net\/wp-content\/uploads\/2017\/03\/CanalUNED_Radio3_MilagrosSainz_2015.10.01.mp3\">Escuchar Podcast<\/a><\/strong><\/p>\n","protected":false},"excerpt":{"rendered":"<p>2017, 8 marzo\u00a0BTV R\u00e0dio.\u00a0El mat\u00ed de Barcelona\u00a0(00:06:23). Entrevista a Milagros S\u00e1inz sobre la infrarepresentaci\u00f3n de mujeres en los estudios de inform\u00e1tica y la influencia de los estereotipos de g\u00e9nero en la elecci\u00f3n de estudios.\u00a0Escuchar Podcast 2017, 8 marzo&nbsp;R\u00e0dio Castellar \u2013 Magazine (00:15:59). Entrevista a Milagros S\u00e1inz sobre la influencia de los estereotipos de g\u00e9nero en &hellip; <a href=\"https:\/\/gender-ict.net\/estereo\/medios\/radio\/\" class=\"more-link\">Seguir leyendo <span class=\"screen-reader-text\">Radio<\/span><\/a><\/p>\n","protected":false},"author":3,"featured_media":0,"parent":239,"menu_order":0,"comment_status":"closed","ping_status":"closed","template":"","meta":{"_monsterinsights_skip_tracking":false,"_monsterinsights_sitenote_active":false,"_monsterinsights_sitenote_note":"","_monsterinsights_sitenote_category":0,"footnotes":""},"class_list":["post-228","page","type-page","status-publish","hentry","without-featured-image"],"_links":{"self":[{"href":"https:\/\/gender-ict.net\/estereo\/wp-json\/wp\/v2\/pages\/228","targetHints":{"allow":["GET"]}}],"collection":[{"href":"https:\/\/gender-ict.net\/estereo\/wp-json\/wp\/v2\/pages"}],"about":[{"href":"https:\/\/gender-ict.net\/estereo\/wp-json\/wp\/v2\/types\/page"}],"author":[{"embeddable":true,"href":"https:\/\/gender-ict.net\/estereo\/wp-json\/wp\/v2\/users\/3"}],"replies":[{"embeddable":true,"href":"https:\/\/gender-ict.net\/estereo\/wp-json\/wp\/v2\/comments?post=228"}],"version-history":[{"count":5,"href":"https:\/\/gender-ict.net\/estereo\/wp-json\/wp\/v2\/pages\/228\/revisions"}],"predecessor-version":[{"id":554,"href":"https:\/\/gender-ict.net\/estereo\/wp-json\/wp\/v2\/pages\/228\/revisions\/554"}],"up":[{"embeddable":true,"href":"https:\/\/gender-ict.net\/estereo\/wp-json\/wp\/v2\/pages\/239"}],"wp:attachment":[{"href":"https:\/\/gender-ict.net\/estereo\/wp-json\/wp\/v2\/media?parent=228"}],"curies":[{"name":"wp","href":"https:\/\/api.w.org\/{rel}","templated":true}]}}