{"id":201,"date":"2016-08-04T10:58:00","date_gmt":"2016-08-04T08:58:00","guid":{"rendered":"https:\/\/estereogeneroyeducacion.wordpress.com\/?page_id=201"},"modified":"2018-12-19T19:14:25","modified_gmt":"2018-12-19T19:14:25","slug":"metodologia","status":"publish","type":"page","link":"https:\/\/gender-ict.net\/estereo\/metodologia\/","title":{"rendered":"Metodolog\u00eda"},"content":{"rendered":"<p><a href=\"https:\/\/estereogeneroyeducacion.wordpress.com\/\">ESTEREO<\/a>\u00a0da continuidad al\u00a0proyecto de investigaci\u00f3n\u00a0<a href=\"http:\/\/gender-ict.net\/projects\/past-projects\/expectancies\/\">EXPECTANCIES:\u00a0<\/a><a href=\"http:\/\/gender-ict.net\/projects\/past-projects\/expectancies\/\">\u201cLa brecha de g\u00e9nero en los estudios de ciencias, tecnolog\u00eda, inform\u00e1tica y lengua: expectativas y motivaciones de alumnos y profesores de secundaria\u201d<\/a>,\u00a0financiado por el Plan Nacional de I+D (2008-2011) del Ministerio de\u00a0Ciencia e Innovaci\u00f3n (Ref.:\u00a0FEM2011-2014117). EXPECTANCIES se desarroll\u00f3 entre enero de 2011 y diciembre de 2014 en el\u00a0<a href=\"http:\/\/www.uoc.edu\/portal\/ca\/in3\/index.html\">Internet Interdisciplinari Institute (IN3)<\/a>\u00a0de la Universitat Oberta de Catalunya, con\u00a0<a href=\"http:\/\/gender-ict.net\/people\/milagros-sainz\/\">Milagros S\u00e1inz<\/a>\u00a0como investigadora principal.<\/p>\n<p>La metodolog\u00eda combina t\u00e9cnicas cuantitativas y cualitativas para explorar c\u00f3mo funciona y c\u00f3mo se transmite el sexismo acad\u00e9mico, cu\u00e1l es su relaci\u00f3n con las motivaciones y posteriores elecciones de estudios de\u00a0las y los adolescentes, y c\u00f3mo evoluciona a lo largo del tiempo.<\/p>\n<p>&nbsp;<\/p>\n<p><img loading=\"lazy\" decoding=\"async\" class=\"alignnone wp-image-321\" src=\"https:\/\/gender-ict.net\/estereo\/wp-content\/uploads\/sites\/41\/2016\/08\/genero-educacion_metodologia-300x132.jpg\" alt=\"genero-educacion_metodologia\" width=\"575\" height=\"253\" srcset=\"https:\/\/gender-ict.net\/estereo\/wp-content\/uploads\/sites\/41\/2016\/08\/genero-educacion_metodologia-300x132.jpg 300w, https:\/\/gender-ict.net\/estereo\/wp-content\/uploads\/sites\/41\/2016\/08\/genero-educacion_metodologia-768x338.jpg 768w, https:\/\/gender-ict.net\/estereo\/wp-content\/uploads\/sites\/41\/2016\/08\/genero-educacion_metodologia-1024x451.jpg 1024w, https:\/\/gender-ict.net\/estereo\/wp-content\/uploads\/sites\/41\/2016\/08\/genero-educacion_metodologia-864x380.jpg 864w, https:\/\/gender-ict.net\/estereo\/wp-content\/uploads\/sites\/41\/2016\/08\/genero-educacion_metodologia.jpg 1243w\" sizes=\"auto, (max-width: 575px) 100vw, 575px\" \/><\/p>\n<p>&nbsp;<\/p>\n<p>Mientras que\u00a0<a href=\"http:\/\/gender-ict.net\/projects\/past-projects\/expectancies\/\">EXPECTANCIES\u00a0<\/a>se centraba en la etapa de educaci\u00f3n secundaria obligatoria,\u00a0<a href=\"https:\/\/estereogeneroyeducacion.wordpress.com\/\">ESTEREO<\/a>\u00a0analiza la percepci\u00f3n del sexismo acad\u00e9mico entre estudiantes de los \u00faltimos cursos de educaci\u00f3n secundaria postobligatoria. Ambas investigaciones\u00a0utilizan una metodolog\u00eda\u00a0longitudinal\u00a0para hacer\u00a0un seguimiento de la transformaci\u00f3n del sexismo a lo largo de tres a\u00f1os consecutivos, considerando los cambios en la autopercepci\u00f3n de competencia de chicas y chicos\u00a0y en sus expectativas acad\u00e9micas y profesionales.<\/p>\n<p>El estudio cuantitativo longitudinal se completa con un segundo estudio cualitativo que aborda, a partir de grupos de discusi\u00f3n, c\u00f3mo el profesorado y las familias valoran el sexismo en el contexto educativo, en qu\u00e9 medida son conscientes de sus mecanismos, c\u00f3mo se hacen eco de los estereotipos o act\u00faan para contrarrestarlos, y qu\u00e9 implicaciones creen que tienen los sesgos de g\u00e9nero en\u00a0\u00a0las decisiones acad\u00e9micas de adolescentes y j\u00f3venes.<\/p>\n<p>Como resultado,\u00a0<a href=\"https:\/\/estereogeneroyeducacion.wordpress.com\/\">ESTEREO<\/a>\u00a0introduce nuevas medidas sobre el sexismo y su influencia en las expectativas acad\u00e9micas y profesionales del alumnado haciendo un seguimiento de su evoluci\u00f3n durante seis a\u00f1os, desde el inicio de la recogida de datos, cuando las personas encuestadas empezaban\u00a0la educaci\u00f3n secundaria, hasta su\u00a0acceso a estudios superiores.<\/p>\n","protected":false},"excerpt":{"rendered":"<p>ESTEREO\u00a0da continuidad al\u00a0proyecto de investigaci\u00f3n\u00a0EXPECTANCIES:\u00a0\u201cLa brecha de g\u00e9nero en los estudios de ciencias, tecnolog\u00eda, inform\u00e1tica y lengua: expectativas y motivaciones de alumnos y profesores de secundaria\u201d,\u00a0financiado por el Plan Nacional de I+D (2008-2011) del Ministerio de\u00a0Ciencia e Innovaci\u00f3n (Ref.:\u00a0FEM2011-2014117). EXPECTANCIES se desarroll\u00f3 entre enero de 2011 y diciembre de 2014 en el\u00a0Internet Interdisciplinari Institute (IN3)\u00a0de &hellip; <a href=\"https:\/\/gender-ict.net\/estereo\/metodologia\/\" class=\"more-link\">Seguir leyendo <span class=\"screen-reader-text\">Metodolog\u00eda<\/span><\/a><\/p>\n","protected":false},"author":3,"featured_media":323,"parent":0,"menu_order":0,"comment_status":"closed","ping_status":"closed","template":"","meta":{"_monsterinsights_skip_tracking":false,"_monsterinsights_sitenote_active":false,"_monsterinsights_sitenote_note":"","_monsterinsights_sitenote_category":0,"footnotes":""},"class_list":["post-201","page","type-page","status-publish","has-post-thumbnail","hentry","with-featured-image"],"_links":{"self":[{"href":"https:\/\/gender-ict.net\/estereo\/wp-json\/wp\/v2\/pages\/201","targetHints":{"allow":["GET"]}}],"collection":[{"href":"https:\/\/gender-ict.net\/estereo\/wp-json\/wp\/v2\/pages"}],"about":[{"href":"https:\/\/gender-ict.net\/estereo\/wp-json\/wp\/v2\/types\/page"}],"author":[{"embeddable":true,"href":"https:\/\/gender-ict.net\/estereo\/wp-json\/wp\/v2\/users\/3"}],"replies":[{"embeddable":true,"href":"https:\/\/gender-ict.net\/estereo\/wp-json\/wp\/v2\/comments?post=201"}],"version-history":[{"count":2,"href":"https:\/\/gender-ict.net\/estereo\/wp-json\/wp\/v2\/pages\/201\/revisions"}],"predecessor-version":[{"id":384,"href":"https:\/\/gender-ict.net\/estereo\/wp-json\/wp\/v2\/pages\/201\/revisions\/384"}],"wp:featuredmedia":[{"embeddable":true,"href":"https:\/\/gender-ict.net\/estereo\/wp-json\/wp\/v2\/media\/323"}],"wp:attachment":[{"href":"https:\/\/gender-ict.net\/estereo\/wp-json\/wp\/v2\/media?parent=201"}],"curies":[{"name":"wp","href":"https:\/\/api.w.org\/{rel}","templated":true}]}}