{"id":192,"date":"2016-08-03T18:21:41","date_gmt":"2016-08-03T16:21:41","guid":{"rendered":"https:\/\/estereogeneroyeducacion.wordpress.com\/?page_id=192"},"modified":"2024-05-08T15:02:13","modified_gmt":"2024-05-08T15:02:13","slug":"videos","status":"publish","type":"page","link":"https:\/\/gender-ict.net\/estereo\/medios\/videos\/","title":{"rendered":"Videos"},"content":{"rendered":"\n<figure class=\"wp-block-image size-full is-resized\"><img loading=\"lazy\" decoding=\"async\" width=\"640\" height=\"425\" src=\"https:\/\/gender-ict.net\/estereo\/wp-content\/uploads\/2024\/05\/medios-video.jpg\" alt=\"\" class=\"wp-image-542\" style=\"width:300px\" srcset=\"https:\/\/gender-ict.net\/estereo\/wp-content\/uploads\/sites\/41\/2024\/05\/medios-video.jpg 640w, https:\/\/gender-ict.net\/estereo\/wp-content\/uploads\/sites\/41\/2024\/05\/medios-video-300x199.jpg 300w, https:\/\/gender-ict.net\/estereo\/wp-content\/uploads\/sites\/41\/2024\/05\/medios-video-572x380.jpg 572w\" sizes=\"auto, (max-width: 640px) 100vw, 640px\" \/><\/figure>\n\n\n\n<hr class=\"wp-block-separator has-text-color has-alpha-channel-opacity has-background\" style=\"background-color:#ffffff0d;color:#ffffff0d\"\/>\n\n\n\n<p><strong>2018, 3 febrero<\/strong>\u00a0\u2013 TV \u2013 Telenot\u00edcies migdia \u2013\u00a000:02:15. Actividades orientadas a ni\u00f1as, ni\u00f1os, adolescentes y familias, organizadas por la UOC y G\u00e9nero y TIC con motivo del D\u00eda de la Mujer y la Ni\u00f1a en la Ciencia (<a href=\"http:\/\/gender-ict.net\/wp-content\/uploads\/2018\/02\/TVC-Telenot{ea83f9b8c2c142c25431b445050f0c1ac41c367bed2ab02682faa62c1badb567}C3{ea83f9b8c2c142c25431b445050f0c1ac41c367bed2ab02682faa62c1badb567}ADcies-DiaDonaiNenaCi{ea83f9b8c2c142c25431b445050f0c1ac41c367bed2ab02682faa62c1badb567}C3{ea83f9b8c2c142c25431b445050f0c1ac41c367bed2ab02682faa62c1badb567}A8ncia-2018.02.04.mp4\">ver video<\/a>).<\/p>\n\n\n\n<p><strong>2017, 7 marzo<\/strong>&nbsp;\u2013 Barcelona TV \u2013 B\u00e0sics BTV 21:01h \u2013 00:08:47. Entrevista con&nbsp;Milagros Sainz sobre la autopercepci\u00f3n de competencias en matem\u00e1ticas y tecnolog\u00eda de chicos y chicas, y la influencia de los estereotipos de g\u00e9nero en la elecci\u00f3n de estudios (<a href=\"http:\/\/gender-ict.net\/wp-content\/uploads\/2017\/03\/BarcelonaTV-BasicsBTV-MilagrosSainz-2017.03.07.mp4\" target=\"_blank\" rel=\"noopener\">ver&nbsp;video<\/a>).<\/p>\n\n\n\n<p><strong>2017, 7 marzo&nbsp;<\/strong>\u2013<strong>&nbsp;<\/strong>TV3 \u2013 Els Matins 12:54h&nbsp;<span class=\"m_1441714120943417509m_-6200766453243703405m_8220144124024810511textoTiempo\">\u2013&nbsp;<\/span>00:18:16. Entrevista con&nbsp;Milagros Sainz sobre la autopercepci\u00f3n de competencias en matem\u00e1ticas y tecnolog\u00eda de chicos y chicas, y la influencia de los estereotipos de g\u00e9nero en la elecci\u00f3n de estudios (<a href=\"http:\/\/www.ccma.cat\/tv3\/alacarta\/els-matins\/taula-22-del-070317-sobre-com-perceben-les-seves-capacitats-les-noies-i-els-nois\/video\/5654539\/\" target=\"_blank\" rel=\"noopener\">ver video<\/a>).<\/p>\n\n\n\n<p><strong>2016 &#8211; 13 mayo<\/strong>&nbsp;Milagros S\u00e1inz. Conferencia invitada \u00abLa brecha&nbsp;La brecha de g\u00e9nero en los estudios de ciencia, tecnolog\u00eda, lenguas, e inform\u00e1tica. La transmisi\u00f3n de roles y estereotipos de g\u00e9nero en el aula\u201d.&nbsp;I Jornada de Educaci\u00f3n. Universidad Miguel Hern\u00e1ndez, Elche.<\/p>\n\n\n\n<p><iframe loading=\"lazy\" src=\"https:\/\/www.youtube.com\/embed\/6Ymc2e3_Kq4\" width=\"560\" height=\"315\" frameborder=\"0\" allowfullscreen=\"allowfullscreen\"><\/iframe><\/p>\n\n\n\n<p><strong>2016 &#8211; 19 abril <\/strong>Entrevista a Barbara Schneider, profesora de la Michigan State University. UOC Research Week 2016, Barcelona.<\/p>\n\n\n\n<p><iframe loading=\"lazy\" src=\"https:\/\/www.youtube.com\/embed\/y3CCOFdKszw\" width=\"560\" height=\"315\" frameborder=\"0\" allowfullscreen=\"allowfullscreen\"><\/iframe><\/p>\n\n\n\n<p><strong>2016 &#8211; 19 abril <\/strong>Entrevista a Chandra Muller, profesora del Departamento de Sociolog\u00eda de la University of Texas. UOC Research Week 2016, Barcelona.<\/p>\n\n\n\n<p><iframe loading=\"lazy\" src=\"https:\/\/www.youtube.com\/embed\/XKOW2ZjOwHc\" width=\"560\" height=\"315\" frameborder=\"0\" allowfullscreen=\"allowfullscreen\"><\/iframe><\/p>\n","protected":false},"excerpt":{"rendered":"<p>2018, 3 febrero\u00a0\u2013 TV \u2013 Telenot\u00edcies migdia \u2013\u00a000:02:15. Actividades orientadas a ni\u00f1as, ni\u00f1os, adolescentes y familias, organizadas por la UOC y G\u00e9nero y TIC con motivo del D\u00eda de la Mujer y la Ni\u00f1a en la Ciencia (ver video). 2017, 7 marzo&nbsp;\u2013 Barcelona TV \u2013 B\u00e0sics BTV 21:01h \u2013 00:08:47. Entrevista con&nbsp;Milagros Sainz sobre la &hellip; <a href=\"https:\/\/gender-ict.net\/estereo\/medios\/videos\/\" class=\"more-link\">Seguir leyendo <span class=\"screen-reader-text\">Videos<\/span><\/a><\/p>\n","protected":false},"author":3,"featured_media":0,"parent":239,"menu_order":0,"comment_status":"closed","ping_status":"closed","template":"","meta":{"_monsterinsights_skip_tracking":false,"_monsterinsights_sitenote_active":false,"_monsterinsights_sitenote_note":"","_monsterinsights_sitenote_category":0,"footnotes":""},"class_list":["post-192","page","type-page","status-publish","hentry","without-featured-image"],"_links":{"self":[{"href":"https:\/\/gender-ict.net\/estereo\/wp-json\/wp\/v2\/pages\/192","targetHints":{"allow":["GET"]}}],"collection":[{"href":"https:\/\/gender-ict.net\/estereo\/wp-json\/wp\/v2\/pages"}],"about":[{"href":"https:\/\/gender-ict.net\/estereo\/wp-json\/wp\/v2\/types\/page"}],"author":[{"embeddable":true,"href":"https:\/\/gender-ict.net\/estereo\/wp-json\/wp\/v2\/users\/3"}],"replies":[{"embeddable":true,"href":"https:\/\/gender-ict.net\/estereo\/wp-json\/wp\/v2\/comments?post=192"}],"version-history":[{"count":10,"href":"https:\/\/gender-ict.net\/estereo\/wp-json\/wp\/v2\/pages\/192\/revisions"}],"predecessor-version":[{"id":553,"href":"https:\/\/gender-ict.net\/estereo\/wp-json\/wp\/v2\/pages\/192\/revisions\/553"}],"up":[{"embeddable":true,"href":"https:\/\/gender-ict.net\/estereo\/wp-json\/wp\/v2\/pages\/239"}],"wp:attachment":[{"href":"https:\/\/gender-ict.net\/estereo\/wp-json\/wp\/v2\/media?parent=192"}],"curies":[{"name":"wp","href":"https:\/\/api.w.org\/{rel}","templated":true}]}}