{"id":114,"date":"2016-08-02T11:35:30","date_gmt":"2016-08-02T09:35:30","guid":{"rendered":"https:\/\/estereogeneroyeducacion.wordpress.com\/?page_id=114"},"modified":"2025-01-28T15:31:53","modified_gmt":"2025-01-28T15:31:53","slug":"resultados-2","status":"publish","type":"page","link":"https:\/\/gender-ict.net\/estereo\/resultados-2\/","title":{"rendered":"Resultados"},"content":{"rendered":"\n<p>En esta p\u00e1gina pod\u00e9is encontrar la referencia de&nbsp;las publicaciones, comunicaciones en congresos, infograf\u00edas y otros resultados generados por el proyecto ESTEREO.<\/p>\n\n\n\n<div class=\"wp-block-media-text alignfull is-stacked-on-mobile is-vertically-aligned-center\" style=\"grid-template-columns:36% auto\"><figure class=\"wp-block-media-text__media\"><a href=\"https:\/\/gender-ict.net\/estereo\/publicaciones-y-conferencias\/\"><img loading=\"lazy\" decoding=\"async\" width=\"640\" height=\"427\" src=\"https:\/\/gender-ict.net\/estereo\/wp-content\/uploads\/sites\/41\/2018\/12\/resultados_2.jpg\" alt=\"\" class=\"wp-image-395 size-full\" srcset=\"https:\/\/gender-ict.net\/estereo\/wp-content\/uploads\/sites\/41\/2018\/12\/resultados_2.jpg 640w, https:\/\/gender-ict.net\/estereo\/wp-content\/uploads\/sites\/41\/2018\/12\/resultados_2-300x200.jpg 300w, https:\/\/gender-ict.net\/estereo\/wp-content\/uploads\/sites\/41\/2018\/12\/resultados_2-570x380.jpg 570w\" sizes=\"auto, (max-width: 640px) 100vw, 640px\" \/><\/a><\/figure><div class=\"wp-block-media-text__content\">\n<h3 class=\"wp-block-heading has-text-align-left has-text-color\" style=\"color:#000000;font-size:20px\">Publicaciones y conferencias<\/h3>\n\n\n\n<p class=\"has-text-align-left has-extra-small-font-size\"><a href=\"https:\/\/gender-ict.net\/estereo\/publicaciones-y-conferencias\/\" data-type=\"page\" data-id=\"394\">Leer m\u00e1s<\/a> \u2197<\/p>\n<\/div><\/div>\n\n\n\n<hr class=\"wp-block-separator has-text-color has-alpha-channel-opacity has-background\" style=\"background-color:#ffffff03;color:#ffffff03\" \/>\n\n\n\n<div class=\"wp-block-media-text alignfull is-stacked-on-mobile is-vertically-aligned-center\" style=\"grid-template-columns:36% auto\"><figure class=\"wp-block-media-text__media\"><a href=\"https:\/\/gender-ict.net\/estereo\/infografias\/\"><img loading=\"lazy\" decoding=\"async\" width=\"300\" height=\"200\" src=\"https:\/\/gender-ict.net\/estereo\/wp-content\/uploads\/sites\/41\/2018\/12\/infografias.jpg\" alt=\"\" class=\"wp-image-387 size-full\" \/><\/a><\/figure><div class=\"wp-block-media-text__content\">\n<h3 class=\"wp-block-heading has-text-align-left has-text-color\" style=\"color:#000000;font-size:20px\">Infograf\u00edas<\/h3>\n\n\n\n<p class=\"has-text-align-left has-extra-small-font-size\"><a href=\"https:\/\/gender-ict.net\/estereo\/infografias\/\" data-type=\"page\" data-id=\"389\">Leer m\u00e1s \u2197<\/a><\/p>\n<\/div><\/div>\n\n\n\n<hr class=\"wp-block-separator has-text-color has-alpha-channel-opacity has-background\" style=\"background-color:#ffffff00;color:#ffffff00\" \/>\n\n\n\n<p><\/p>\n","protected":false},"excerpt":{"rendered":"<p>En esta p\u00e1gina pod\u00e9is encontrar la referencia de&nbsp;las publicaciones, comunicaciones en congresos, infograf\u00edas y otros resultados generados por el proyecto ESTEREO. Publicaciones y conferencias Leer m\u00e1s \u2197 Infograf\u00edas Leer m\u00e1s \u2197<\/p>\n","protected":false},"author":3,"featured_media":0,"parent":0,"menu_order":0,"comment_status":"closed","ping_status":"closed","template":"","meta":{"_monsterinsights_skip_tracking":false,"_monsterinsights_sitenote_active":false,"_monsterinsights_sitenote_note":"","_monsterinsights_sitenote_category":0,"footnotes":""},"class_list":["post-114","page","type-page","status-publish","hentry","without-featured-image"],"_links":{"self":[{"href":"https:\/\/gender-ict.net\/estereo\/wp-json\/wp\/v2\/pages\/114","targetHints":{"allow":["GET"]}}],"collection":[{"href":"https:\/\/gender-ict.net\/estereo\/wp-json\/wp\/v2\/pages"}],"about":[{"href":"https:\/\/gender-ict.net\/estereo\/wp-json\/wp\/v2\/types\/page"}],"author":[{"embeddable":true,"href":"https:\/\/gender-ict.net\/estereo\/wp-json\/wp\/v2\/users\/3"}],"replies":[{"embeddable":true,"href":"https:\/\/gender-ict.net\/estereo\/wp-json\/wp\/v2\/comments?post=114"}],"version-history":[{"count":10,"href":"https:\/\/gender-ict.net\/estereo\/wp-json\/wp\/v2\/pages\/114\/revisions"}],"predecessor-version":[{"id":564,"href":"https:\/\/gender-ict.net\/estereo\/wp-json\/wp\/v2\/pages\/114\/revisions\/564"}],"wp:attachment":[{"href":"https:\/\/gender-ict.net\/estereo\/wp-json\/wp\/v2\/media?parent=114"}],"curies":[{"name":"wp","href":"https:\/\/api.w.org\/{rel}","templated":true}]}}